{"id":19,"date":"2023-08-05T18:48:11","date_gmt":"2023-08-05T16:48:11","guid":{"rendered":"https:\/\/new.1to1nails.fr\/?page_id=19"},"modified":"2025-09-14T20:32:02","modified_gmt":"2025-09-14T18:32:02","slug":"contact","status":"publish","type":"page","link":"https:\/\/1to1nails.fr\/en\/a-propos\/contact\/","title":{"rendered":"Contact"},"content":{"rendered":"<div data-elementor-type=\"wp-page\" data-elementor-id=\"19\" class=\"elementor elementor-19\" data-elementor-settings=\"{&quot;ha_cmc_init_switcher&quot;:&quot;no&quot;}\">\n\t\t\t\t<div class=\"elementor-element elementor-element-5ac5ec1 e-flex e-con-boxed e-con e-parent\" data-id=\"5ac5ec1\" data-element_type=\"container\" data-e-type=\"container\" data-settings=\"{&quot;_ha_eqh_enable&quot;:false}\">\n\t\t\t\t\t<div class=\"e-con-inner\">\n\t\t\t\t<div class=\"elementor-element elementor-element-bb627d1 elementor-widget elementor-widget-heading\" data-id=\"bb627d1\" data-element_type=\"widget\" data-e-type=\"widget\" data-settings=\"{&quot;_animation&quot;:&quot;none&quot;}\" data-widget_type=\"heading.default\">\n\t\t\t\t<div class=\"elementor-widget-container\">\n\t\t\t\t\t<h3 class=\"elementor-heading-title elementor-size-medium\">Contact me!<\/h3>\t\t\t\t<\/div>\n\t\t\t\t<\/div>\n\t\t\t\t\t<\/div>\n\t\t\t\t<\/div>\n\t\t<div class=\"elementor-element elementor-element-b6c548e e-flex e-con-boxed e-con e-parent\" data-id=\"b6c548e\" data-element_type=\"container\" data-e-type=\"container\" data-settings=\"{&quot;_ha_eqh_enable&quot;:false}\">\n\t\t\t\t\t<div class=\"e-con-inner\">\n\t\t\t\t<div class=\"elementor-element elementor-element-8b9c20a elementor-widget elementor-widget-text-editor\" data-id=\"8b9c20a\" data-element_type=\"widget\" data-e-type=\"widget\" data-widget_type=\"text-editor.default\">\n\t\t\t\t<div class=\"elementor-widget-container\">\n\t\t\t\t\t\t\t\t\t<p><em>Unfortunately, I can no longer make an appointment online at the moment, but do not hesitate to contact me via this form.<\/em><\/p><p><em>A tr\u00e8s bient\u00f4t j&rsquo;esp\u00e8re!<\/em><\/p>\t\t\t\t\t\t\t\t<\/div>\n\t\t\t\t<\/div>\n\t\t\t\t\t<\/div>\n\t\t\t\t<\/div>\n\t\t<div class=\"elementor-element elementor-element-d0c5c9b e-flex e-con-boxed e-con e-parent\" data-id=\"d0c5c9b\" data-element_type=\"container\" data-e-type=\"container\" data-settings=\"{&quot;_ha_eqh_enable&quot;:false}\">\n\t\t\t\t\t<div class=\"e-con-inner\">\n\t\t\t\t<div class=\"elementor-element elementor-element-ca593a5 elementor-widget elementor-widget-heading\" data-id=\"ca593a5\" data-element_type=\"widget\" data-e-type=\"widget\" data-widget_type=\"heading.default\">\n\t\t\t\t<div class=\"elementor-widget-container\">\n\t\t\t\t\t<h5 class=\"elementor-heading-title elementor-size-default\">A question? Contact me and let's get to know each other<\/h5>\t\t\t\t<\/div>\n\t\t\t\t<\/div>\n\t\t\t\t\t<\/div>\n\t\t\t\t<\/div>\n\t\t<div class=\"elementor-element elementor-element-a354740 e-flex e-con-boxed e-con e-parent\" data-id=\"a354740\" data-element_type=\"container\" data-e-type=\"container\" data-settings=\"{&quot;_ha_eqh_enable&quot;:false}\">\n\t\t\t\t\t<div class=\"e-con-inner\">\n\t\t<div class=\"elementor-element elementor-element-5e6a323 e-flex e-con-boxed e-con e-child\" data-id=\"5e6a323\" data-element_type=\"container\" data-e-type=\"container\" data-settings=\"{&quot;_ha_eqh_enable&quot;:false}\">\n\t\t\t\t\t<div class=\"e-con-inner\">\n\t\t\t\t<div class=\"elementor-element elementor-element-82c388c elementor-widget elementor-widget-text-editor\" data-id=\"82c388c\" data-element_type=\"widget\" data-e-type=\"widget\" data-widget_type=\"text-editor.default\">\n\t\t\t\t<div class=\"elementor-widget-container\">\n\t\t\t\t\t\t\t\t\t<p>Do you live in Paris or its surroundings? We are neighbors! I can quickly come to your home to give you a hand or foot makeover, and organize your events and birthdays.<\/p><p>Click on the icons below or use the form to contact me.<br \/>See you soon!<\/p>\t\t\t\t\t\t\t\t<\/div>\n\t\t\t\t<\/div>\n\t\t<div class=\"elementor-element elementor-element-7ff9e76 e-flex e-con-boxed e-con e-child\" data-id=\"7ff9e76\" data-element_type=\"container\" data-e-type=\"container\" data-settings=\"{&quot;_ha_eqh_enable&quot;:false}\">\n\t\t\t\t\t<div class=\"e-con-inner\">\n\t\t<div class=\"elementor-element elementor-element-de75b7f e-con-full e-flex e-con e-child\" data-id=\"de75b7f\" data-element_type=\"container\" data-e-type=\"container\" data-settings=\"{&quot;animation&quot;:&quot;none&quot;,&quot;_ha_eqh_enable&quot;:false}\">\n\t\t\t\t<div class=\"elementor-element elementor-element-91b70c4 elementor-widget__width-inherit elementor-view-default elementor-widget elementor-widget-icon\" data-id=\"91b70c4\" data-element_type=\"widget\" data-e-type=\"widget\" data-widget_type=\"icon.default\">\n\t\t\t\t<div class=\"elementor-widget-container\">\n\t\t\t\t\t\t\t<div class=\"elementor-icon-wrapper\">\n\t\t\t<a class=\"elementor-icon\" href=\"https:\/\/www.instagram.com\/1to1nailcoach\/\">\n\t\t\t<svg aria-hidden=\"true\" class=\"e-font-icon-svg e-fab-instagram\" viewbox=\"0 0 448 512\" xmlns=\"http:\/\/www.w3.org\/2000\/svg\"><path d=\"M224.1 141c-63.6 0-114.9 51.3-114.9 114.9s51.3 114.9 114.9 114.9S339 319.5 339 255.9 287.7 141 224.1 141zm0 189.6c-41.1 0-74.7-33.5-74.7-74.7s33.5-74.7 74.7-74.7 74.7 33.5 74.7 74.7-33.6 74.7-74.7 74.7zm146.4-194.3c0 14.9-12 26.8-26.8 26.8-14.9 0-26.8-12-26.8-26.8s12-26.8 26.8-26.8 26.8 12 26.8 26.8zm76.1 27.2c-1.7-35.9-9.9-67.7-36.2-93.9-26.2-26.2-58-34.4-93.9-36.2-37-2.1-147.9-2.1-184.9 0-35.8 1.7-67.6 9.9-93.9 36.1s-34.4 58-36.2 93.9c-2.1 37-2.1 147.9 0 184.9 1.7 35.9 9.9 67.7 36.2 93.9s58 34.4 93.9 36.2c37 2.1 147.9 2.1 184.9 0 35.9-1.7 67.7-9.9 93.9-36.2 26.2-26.2 34.4-58 36.2-93.9 2.1-37 2.1-147.8 0-184.8zM398.8 388c-7.8 19.6-22.9 34.7-42.6 42.6-29.5 11.7-99.5 9-132.1 9s-102.7 2.6-132.1-9c-19.6-7.8-34.7-22.9-42.6-42.6-11.7-29.5-9-99.5-9-132.1s-2.6-102.7 9-132.1c7.8-19.6 22.9-34.7 42.6-42.6 29.5-11.7 99.5-9 132.1-9s102.7-2.6 132.1 9c19.6 7.8 34.7 22.9 42.6 42.6 11.7 29.5 9 99.5 9 132.1s2.7 102.7-9 132.1z\"><\/path><\/svg>\t\t\t<\/a>\n\t\t<\/div>\n\t\t\t\t\t\t<\/div>\n\t\t\t\t<\/div>\n\t\t\t\t<\/div>\n\t\t<div class=\"elementor-element elementor-element-06e45aa e-con-full e-flex e-con e-child\" data-id=\"06e45aa\" data-element_type=\"container\" data-e-type=\"container\" data-settings=\"{&quot;animation&quot;:&quot;none&quot;,&quot;_ha_eqh_enable&quot;:false}\">\n\t\t\t\t<div class=\"elementor-element elementor-element-f0b310c elementor-widget__width-inherit elementor-view-default elementor-widget elementor-widget-icon\" data-id=\"f0b310c\" data-element_type=\"widget\" data-e-type=\"widget\" data-widget_type=\"icon.default\">\n\t\t\t\t<div class=\"elementor-widget-container\">\n\t\t\t\t\t\t\t<div class=\"elementor-icon-wrapper\">\n\t\t\t<a class=\"elementor-icon\" href=\"https:\/\/wa.link\/xqe4xa\">\n\t\t\t<svg aria-hidden=\"true\" class=\"e-font-icon-svg e-fab-whatsapp\" viewbox=\"0 0 448 512\" xmlns=\"http:\/\/www.w3.org\/2000\/svg\"><path d=\"M380.9 97.1C339 55.1 283.2 32 223.9 32c-122.4 0-222 99.6-222 222 0 39.1 10.2 77.3 29.6 111L0 480l117.7-30.9c32.4 17.7 68.9 27 106.1 27h.1c122.3 0 224.1-99.6 224.1-222 0-59.3-25.2-115-67.1-157zm-157 341.6c-33.2 0-65.7-8.9-94-25.7l-6.7-4-69.8 18.3L72 359.2l-4.4-7c-18.5-29.4-28.2-63.3-28.2-98.2 0-101.7 82.8-184.5 184.6-184.5 49.3 0 95.6 19.2 130.4 54.1 34.8 34.9 56.2 81.2 56.1 130.5 0 101.8-84.9 184.6-186.6 184.6zm101.2-138.2c-5.5-2.8-32.8-16.2-37.9-18-5.1-1.9-8.8-2.8-12.5 2.8-3.7 5.6-14.3 18-17.6 21.8-3.2 3.7-6.5 4.2-12 1.4-32.6-16.3-54-29.1-75.5-66-5.7-9.8 5.7-9.1 16.3-30.3 1.8-3.7.9-6.9-.5-9.7-1.4-2.8-12.5-30.1-17.1-41.2-4.5-10.8-9.1-9.3-12.5-9.5-3.2-.2-6.9-.2-10.6-.2-3.7 0-9.7 1.4-14.8 6.9-5.1 5.6-19.4 19-19.4 46.3 0 27.3 19.9 53.7 22.6 57.4 2.8 3.7 39.1 59.7 94.8 83.8 35.2 15.2 49 16.5 66.6 13.9 10.7-1.6 32.8-13.4 37.4-26.4 4.6-13 4.6-24.1 3.2-26.4-1.3-2.5-5-3.9-10.5-6.6z\"><\/path><\/svg>\t\t\t<\/a>\n\t\t<\/div>\n\t\t\t\t\t\t<\/div>\n\t\t\t\t<\/div>\n\t\t\t\t<\/div>\n\t\t<div class=\"elementor-element elementor-element-45f0bcb e-con-full e-flex e-con e-child\" data-id=\"45f0bcb\" data-element_type=\"container\" data-e-type=\"container\" data-settings=\"{&quot;animation&quot;:&quot;none&quot;,&quot;_ha_eqh_enable&quot;:false}\">\n\t\t\t\t<div class=\"elementor-element elementor-element-f53c3b7 elementor-widget__width-inherit elementor-view-default elementor-widget elementor-widget-icon\" data-id=\"f53c3b7\" data-element_type=\"widget\" data-e-type=\"widget\" data-widget_type=\"icon.default\">\n\t\t\t\t<div class=\"elementor-widget-container\">\n\t\t\t\t\t\t\t<div class=\"elementor-icon-wrapper\">\n\t\t\t<a class=\"elementor-icon\" href=\"tel:07%2069%2049%2063%2045\">\n\t\t\t<svg aria-hidden=\"true\" class=\"e-font-icon-svg e-fas-phone\" viewbox=\"0 0 512 512\" xmlns=\"http:\/\/www.w3.org\/2000\/svg\"><path d=\"M493.4 24.6l-104-24c-11.3-2.6-22.9 3.3-27.5 13.9l-48 112c-4.2 9.8-1.4 21.3 6.9 28l60.6 49.6c-36 76.7-98.9 140.5-177.2 177.2l-49.6-60.6c-6.8-8.3-18.2-11.1-28-6.9l-112 48C3.9 366.5-2 378.1.6 389.4l24 104C27.1 504.2 36.7 512 48 512c256.1 0 464-207.5 464-464 0-11.2-7.7-20.9-18.6-23.4z\"><\/path><\/svg>\t\t\t<\/a>\n\t\t<\/div>\n\t\t\t\t\t\t<\/div>\n\t\t\t\t<\/div>\n\t\t\t\t<\/div>\n\t\t\t\t\t<\/div>\n\t\t\t\t<\/div>\n\t\t\t\t\t<\/div>\n\t\t\t\t<\/div>\n\t\t\t\t\t<\/div>\n\t\t\t\t<\/div>\n\t\t<div class=\"elementor-element elementor-element-eb93b30 e-flex e-con-boxed e-con e-parent\" data-id=\"eb93b30\" data-element_type=\"container\" data-e-type=\"container\" data-settings=\"{&quot;_ha_eqh_enable&quot;:false}\">\n\t\t\t\t\t<div class=\"e-con-inner\">\n\t\t\t\t<div class=\"elementor-element elementor-element-2627c16 elementor-widget elementor-widget-heading\" data-id=\"2627c16\" data-element_type=\"widget\" data-e-type=\"widget\" data-widget_type=\"heading.default\">\n\t\t\t\t<div class=\"elementor-widget-container\">\n\t\t\t\t\t<h5 class=\"elementor-heading-title elementor-size-default\">For home care, you can book online!<\/h5>\t\t\t\t<\/div>\n\t\t\t\t<\/div>\n\t\t\t\t<div class=\"elementor-element elementor-element-67a067e elementor-widget elementor-widget-text-editor\" data-id=\"67a067e\" data-element_type=\"widget\" data-e-type=\"widget\" data-widget_type=\"text-editor.default\">\n\t\t\t\t<div class=\"elementor-widget-container\">\n\t\t\t\t\t\t\t\t\t<p>For home care, you can book online: it's quick and easy, you can see if I'm available and I'll confirm our appointment very quickly.<\/p>\t\t\t\t\t\t\t\t<\/div>\n\t\t\t\t<\/div>\n\t\t\t\t<div class=\"elementor-element elementor-element-5de2dae elementor-align-center elementor-widget elementor-widget-button\" data-id=\"5de2dae\" data-element_type=\"widget\" data-e-type=\"widget\" data-settings=\"{&quot;_animation&quot;:&quot;none&quot;}\" data-widget_type=\"button.default\">\n\t\t\t\t<div class=\"elementor-widget-container\">\n\t\t\t\t\t\t\t\t\t<div class=\"elementor-button-wrapper\">\n\t\t\t\t\t<a class=\"elementor-button elementor-button-link elementor-size-md\" href=\"https:\/\/booking.1to1nails.fr\/\">\n\t\t\t\t\t\t<span class=\"elementor-button-content-wrapper\">\n\t\t\t\t\t\t\t\t\t<span class=\"elementor-button-text\">Book<\/span>\n\t\t\t\t\t<\/span>\n\t\t\t\t\t<\/a>\n\t\t\t\t<\/div>\n\t\t\t\t\t\t\t\t<\/div>\n\t\t\t\t<\/div>\n\t\t\t\t\t<\/div>\n\t\t\t\t<\/div>\n\t\t<div class=\"elementor-element elementor-element-f9db6e5 e-flex e-con-boxed e-con e-parent\" data-id=\"f9db6e5\" data-element_type=\"container\" data-e-type=\"container\" data-settings=\"{&quot;_ha_eqh_enable&quot;:false}\">\n\t\t\t\t\t<div class=\"e-con-inner\">\n\t\t\t\t<div class=\"elementor-element elementor-element-a22c8b2 elementor-widget elementor-widget-heading\" data-id=\"a22c8b2\" data-element_type=\"widget\" data-e-type=\"widget\" data-widget_type=\"heading.default\">\n\t\t\t\t<div class=\"elementor-widget-container\">\n\t\t\t\t\t<h5 class=\"elementor-heading-title elementor-size-default\">You can also use this form to contact me<\/h5>\t\t\t\t<\/div>\n\t\t\t\t<\/div>\n\t\t\t\t\t<\/div>\n\t\t\t\t<\/div>\n\t\t<div class=\"elementor-element elementor-element-4f198b5 e-flex e-con-boxed e-con e-parent\" data-id=\"4f198b5\" data-element_type=\"container\" data-e-type=\"container\" data-settings=\"{&quot;_ha_eqh_enable&quot;:false}\">\n\t\t\t\t\t<div class=\"e-con-inner\">\n\t\t\t\t<div class=\"elementor-element elementor-element-579d190 elementor-widget__width-inherit elementor-widget elementor-widget-ha-cf7 happy-addon ha-cf7\" data-id=\"579d190\" data-element_type=\"widget\" data-e-type=\"widget\" data-widget_type=\"ha-cf7.default\">\n\t\t\t\t<div class=\"elementor-widget-container\">\n\t\t\t\t\t\n<div class=\"wpcf7 no-js\" id=\"wpcf7-f2438-o1\" lang=\"fr-FR\" dir=\"ltr\" data-wpcf7-id=\"2438\">\n<div class=\"screen-reader-response\"><p role=\"status\" aria-live=\"polite\" aria-atomic=\"true\"><\/p> <ul><\/ul><\/div>\n<form action=\"\/en\/wp-json\/wp\/v2\/pages\/19#wpcf7-f2438-o1\" method=\"post\" class=\"wpcf7-form init ha-cf7-form\" aria-label=\"Formulaire de contact\" novalidate=\"novalidate\" data-status=\"init\" data-trp-original-action=\"\/en\/wp-json\/wp\/v2\/pages\/19#wpcf7-f2438-o1\">\n<fieldset class=\"hidden-fields-container\"><input type=\"hidden\" name=\"_wpcf7\" value=\"2438\" \/><input type=\"hidden\" name=\"_wpcf7_version\" value=\"6.1.5\" \/><input type=\"hidden\" name=\"_wpcf7_locale\" value=\"fr_FR\" \/><input type=\"hidden\" name=\"_wpcf7_unit_tag\" value=\"wpcf7-f2438-o1\" \/><input type=\"hidden\" name=\"_wpcf7_container_post\" value=\"0\" \/><input type=\"hidden\" name=\"_wpcf7_posted_data_hash\" value=\"\" \/><input type=\"hidden\" name=\"_wpcf7_recaptcha_response\" value=\"\" \/>\n<\/fieldset>\n<p><label> Your name<br \/>\n<span class=\"wpcf7-form-control-wrap\" data-name=\"your-name\"><input size=\"40\" maxlength=\"400\" class=\"wpcf7-form-control wpcf7-text wpcf7-validates-as-required\" autocomplete=\"name\" aria-required=\"true\" aria-invalid=\"false\" value=\"\" type=\"text\" name=\"your-name\" \/><\/span> <\/label>\n<\/p>\n<p><label> E-mail<br \/>\n<span class=\"wpcf7-form-control-wrap\" data-name=\"your-email\"><input size=\"40\" maxlength=\"400\" class=\"wpcf7-form-control wpcf7-email wpcf7-validates-as-required wpcf7-text wpcf7-validates-as-email\" autocomplete=\"email\" aria-required=\"true\" aria-invalid=\"false\" value=\"\" type=\"email\" name=\"your-email\" \/><\/span> <\/label>\n<\/p>\n<p><label> Phone number<br \/>\n<span class=\"wpcf7-form-control-wrap\" data-name=\"tel-06\"><input size=\"40\" maxlength=\"400\" class=\"wpcf7-form-control wpcf7-tel wpcf7-text wpcf7-validates-as-tel\" id=\"tel\" aria-invalid=\"false\" value=\"\" type=\"tel\" name=\"tel-06\" \/><\/span><\/label>\n<\/p>\n<p><label> Your question concerns<br \/>\n<span class=\"wpcf7-form-control-wrap\" data-name=\"object-1\"><select class=\"wpcf7-form-control wpcf7-select wpcf7-validates-as-required\" aria-required=\"true\" aria-invalid=\"false\" name=\"object-1\"><option value=\"\">&#8212;Veuillez choisir une option&#8212;<\/option><option value=\"Domicile\">At Home<\/option><option value=\"Business\">Business<\/option><option value=\"Enfants\">Kids<\/option><option value=\"Autres\">Autres<\/option><\/select><\/span><br \/>\n<\/label>\n<\/p>\n<p><label> Your message<br \/>\n<span class=\"wpcf7-form-control-wrap\" data-name=\"your-message\"><textarea cols=\"40\" rows=\"10\" maxlength=\"2000\" class=\"wpcf7-form-control wpcf7-textarea\" aria-invalid=\"false\" name=\"your-message\"><\/textarea><\/span> <\/label>\n<\/p>\n<p><input class=\"wpcf7-form-control wpcf7-submit has-spinner\" type=\"submit\" value=\"Send\" \/>\n<\/p><div class=\"wpcf7-response-output\" aria-hidden=\"true\"><\/div>\n<input type=\"hidden\" name=\"trp-form-language\" value=\"en\"\/><\/form>\n<\/div>\n\t\t\t\t<\/div>\n\t\t\t\t<\/div>\n\t\t\t\t\t<\/div>\n\t\t\t\t<\/div>\n\t\t<div class=\"elementor-element elementor-element-419e47b e-flex e-con-boxed e-con e-parent\" data-id=\"419e47b\" data-element_type=\"container\" data-e-type=\"container\" data-settings=\"{&quot;_ha_eqh_enable&quot;:false}\">\n\t\t\t\t\t<div class=\"e-con-inner\">\n\t\t\t\t\t<\/div>\n\t\t\t\t<\/div>\n\t\t\t\t<\/div>","protected":false},"excerpt":{"rendered":"<p>Contactez-moi Je ne peux malheureusement plus prendre de rendez-vous en ligne en ce moment, mais n&rsquo;h\u00e9sitez-pas \u00e0 me contacter via ce formulaire. A tr\u00e8s bient\u00f4t j&rsquo;esp\u00e8re! Une question? Contactez-moi et faisons connaissance Vous habitez \u00e0 Paris ou ses alentours? Nous sommes voisins! Je peux rapidement me rendre chez vous pour vous faire une beaut\u00e9 des [&hellip;]<\/p>","protected":false},"author":1,"featured_media":0,"parent":2500,"menu_order":0,"comment_status":"closed","ping_status":"closed","template":"","meta":{"footnotes":""},"class_list":["post-19","page","type-page","status-publish","hentry"],"yoast_head":"<!-- This site is optimized with the Yoast SEO plugin v26.6 - https:\/\/yoast.com\/wordpress\/plugins\/seo\/ -->\n<title>Contact - 1to1Nails<\/title>\n<meta name=\"description\" content=\"Contactez-moi pour avoir plus d&#039;informations sur mes services pour particuliers et entreprises, et pour l&#039;organisation des f\u00eates d&#039;anniversaires\" \/>\n<meta name=\"robots\" content=\"index, follow, max-snippet:-1, max-image-preview:large, max-video-preview:-1\" \/>\n<link rel=\"canonical\" href=\"https:\/\/1to1nails.fr\/en\/a-propos\/contact\/\" \/>\n<meta property=\"og:locale\" content=\"en_GB\" \/>\n<meta property=\"og:type\" content=\"article\" \/>\n<meta property=\"og:title\" content=\"Contact - 1to1Nails\" \/>\n<meta property=\"og:description\" content=\"Contactez-moi pour avoir plus d&#039;informations sur mes services pour particuliers et entreprises, et pour l&#039;organisation des f\u00eates d&#039;anniversaires\" \/>\n<meta property=\"og:url\" content=\"https:\/\/1to1nails.fr\/en\/a-propos\/contact\/\" \/>\n<meta property=\"og:site_name\" content=\"1to1Nails\" \/>\n<meta property=\"article:modified_time\" content=\"2025-09-14T18:32:02+00:00\" \/>\n<meta name=\"twitter:card\" content=\"summary_large_image\" \/>\n<meta name=\"twitter:label1\" content=\"Estimated reading time\" \/>\n\t<meta name=\"twitter:data1\" content=\"1 minute\" \/>\n<script type=\"application\/ld+json\" class=\"yoast-schema-graph\">{\"@context\":\"https:\/\/schema.org\",\"@graph\":[{\"@type\":\"WebPage\",\"@id\":\"https:\/\/1to1nails.fr\/a-propos\/contact\/\",\"url\":\"https:\/\/1to1nails.fr\/a-propos\/contact\/\",\"name\":\"Contact - 1to1Nails\",\"isPartOf\":{\"@id\":\"https:\/\/1to1nails.fr\/#website\"},\"datePublished\":\"2023-08-05T16:48:11+00:00\",\"dateModified\":\"2025-09-14T18:32:02+00:00\",\"description\":\"Contactez-moi pour avoir plus d'informations sur mes services pour particuliers et entreprises, et pour l'organisation des f\u00eates d'anniversaires\",\"breadcrumb\":{\"@id\":\"https:\/\/1to1nails.fr\/a-propos\/contact\/#breadcrumb\"},\"inLanguage\":\"en-GB\",\"potentialAction\":[{\"@type\":\"ReadAction\",\"target\":[\"https:\/\/1to1nails.fr\/a-propos\/contact\/\"]}]},{\"@type\":\"BreadcrumbList\",\"@id\":\"https:\/\/1to1nails.fr\/a-propos\/contact\/#breadcrumb\",\"itemListElement\":[{\"@type\":\"ListItem\",\"position\":1,\"name\":\"Accueil\",\"item\":\"https:\/\/1to1nails.fr\/\"},{\"@type\":\"ListItem\",\"position\":2,\"name\":\"A Propos\",\"item\":\"https:\/\/1to1nails.fr\/a-propos\/\"},{\"@type\":\"ListItem\",\"position\":3,\"name\":\"Contact\"}]},{\"@type\":\"WebSite\",\"@id\":\"https:\/\/1to1nails.fr\/#website\",\"url\":\"https:\/\/1to1nails.fr\/\",\"name\":\"1to1Nails\",\"description\":\"Vernis chez Vous\",\"publisher\":{\"@id\":\"https:\/\/1to1nails.fr\/#organization\"},\"potentialAction\":[{\"@type\":\"SearchAction\",\"target\":{\"@type\":\"EntryPoint\",\"urlTemplate\":\"https:\/\/1to1nails.fr\/?s={search_term_string}\"},\"query-input\":{\"@type\":\"PropertyValueSpecification\",\"valueRequired\":true,\"valueName\":\"search_term_string\"}}],\"inLanguage\":\"en-GB\"},{\"@type\":\"Organization\",\"@id\":\"https:\/\/1to1nails.fr\/#organization\",\"name\":\"1to1Nails\",\"url\":\"https:\/\/1to1nails.fr\/\",\"logo\":{\"@type\":\"ImageObject\",\"inLanguage\":\"en-GB\",\"@id\":\"https:\/\/1to1nails.fr\/#\/schema\/logo\/image\/\",\"url\":\"https:\/\/1to1nails.fr\/wp-content\/uploads\/2023\/08\/logo2.png\",\"contentUrl\":\"https:\/\/1to1nails.fr\/wp-content\/uploads\/2023\/08\/logo2.png\",\"width\":520,\"height\":112,\"caption\":\"1to1Nails\"},\"image\":{\"@id\":\"https:\/\/1to1nails.fr\/#\/schema\/logo\/image\/\"},\"sameAs\":[\"https:\/\/www.instagram.com\/1to1naildomicile\/\",\"https:\/\/www.instagram.com\/1to1nailprofessional\/\",\"https:\/\/www.instagram.com\/1to1nailkids\/\",\"https:\/\/www.instagram.com\/1to1nailcoach\/\"]}]}<\/script>\n<!-- \/ Yoast SEO plugin. -->","yoast_head_json":{"title":"Contact - 1to1Nails","description":"Contactez-moi pour avoir plus d'informations sur mes services pour particuliers et entreprises, et pour l'organisation des f\u00eates d'anniversaires","robots":{"index":"index","follow":"follow","max-snippet":"max-snippet:-1","max-image-preview":"max-image-preview:large","max-video-preview":"max-video-preview:-1"},"canonical":"https:\/\/1to1nails.fr\/en\/a-propos\/contact\/","og_locale":"en_GB","og_type":"article","og_title":"Contact - 1to1Nails","og_description":"Contactez-moi pour avoir plus d'informations sur mes services pour particuliers et entreprises, et pour l'organisation des f\u00eates d'anniversaires","og_url":"https:\/\/1to1nails.fr\/en\/a-propos\/contact\/","og_site_name":"1to1Nails","article_modified_time":"2025-09-14T18:32:02+00:00","twitter_card":"summary_large_image","twitter_misc":{"Estimated reading time":"1 minute"},"schema":{"@context":"https:\/\/schema.org","@graph":[{"@type":"WebPage","@id":"https:\/\/1to1nails.fr\/a-propos\/contact\/","url":"https:\/\/1to1nails.fr\/a-propos\/contact\/","name":"Contact - 1to1Nails","isPartOf":{"@id":"https:\/\/1to1nails.fr\/#website"},"datePublished":"2023-08-05T16:48:11+00:00","dateModified":"2025-09-14T18:32:02+00:00","description":"Contactez-moi pour avoir plus d'informations sur mes services pour particuliers et entreprises, et pour l'organisation des f\u00eates d'anniversaires","breadcrumb":{"@id":"https:\/\/1to1nails.fr\/a-propos\/contact\/#breadcrumb"},"inLanguage":"en-GB","potentialAction":[{"@type":"ReadAction","target":["https:\/\/1to1nails.fr\/a-propos\/contact\/"]}]},{"@type":"BreadcrumbList","@id":"https:\/\/1to1nails.fr\/a-propos\/contact\/#breadcrumb","itemListElement":[{"@type":"ListItem","position":1,"name":"Accueil","item":"https:\/\/1to1nails.fr\/"},{"@type":"ListItem","position":2,"name":"A Propos","item":"https:\/\/1to1nails.fr\/a-propos\/"},{"@type":"ListItem","position":3,"name":"Contact"}]},{"@type":"WebSite","@id":"https:\/\/1to1nails.fr\/#website","url":"https:\/\/1to1nails.fr\/","name":"1to1Nails","description":"Vernis chez Vous","publisher":{"@id":"https:\/\/1to1nails.fr\/#organization"},"potentialAction":[{"@type":"SearchAction","target":{"@type":"EntryPoint","urlTemplate":"https:\/\/1to1nails.fr\/?s={search_term_string}"},"query-input":{"@type":"PropertyValueSpecification","valueRequired":true,"valueName":"search_term_string"}}],"inLanguage":"en-GB"},{"@type":"Organization","@id":"https:\/\/1to1nails.fr\/#organization","name":"1to1Nails","url":"https:\/\/1to1nails.fr\/","logo":{"@type":"ImageObject","inLanguage":"en-GB","@id":"https:\/\/1to1nails.fr\/#\/schema\/logo\/image\/","url":"https:\/\/1to1nails.fr\/wp-content\/uploads\/2023\/08\/logo2.png","contentUrl":"https:\/\/1to1nails.fr\/wp-content\/uploads\/2023\/08\/logo2.png","width":520,"height":112,"caption":"1to1Nails"},"image":{"@id":"https:\/\/1to1nails.fr\/#\/schema\/logo\/image\/"},"sameAs":["https:\/\/www.instagram.com\/1to1naildomicile\/","https:\/\/www.instagram.com\/1to1nailprofessional\/","https:\/\/www.instagram.com\/1to1nailkids\/","https:\/\/www.instagram.com\/1to1nailcoach\/"]}]}},"_links":{"self":[{"href":"https:\/\/1to1nails.fr\/en\/wp-json\/wp\/v2\/pages\/19","targetHints":{"allow":["GET"]}}],"collection":[{"href":"https:\/\/1to1nails.fr\/en\/wp-json\/wp\/v2\/pages"}],"about":[{"href":"https:\/\/1to1nails.fr\/en\/wp-json\/wp\/v2\/types\/page"}],"author":[{"embeddable":true,"href":"https:\/\/1to1nails.fr\/en\/wp-json\/wp\/v2\/users\/1"}],"replies":[{"embeddable":true,"href":"https:\/\/1to1nails.fr\/en\/wp-json\/wp\/v2\/comments?post=19"}],"version-history":[{"count":102,"href":"https:\/\/1to1nails.fr\/en\/wp-json\/wp\/v2\/pages\/19\/revisions"}],"predecessor-version":[{"id":5960,"href":"https:\/\/1to1nails.fr\/en\/wp-json\/wp\/v2\/pages\/19\/revisions\/5960"}],"up":[{"embeddable":true,"href":"https:\/\/1to1nails.fr\/en\/wp-json\/wp\/v2\/pages\/2500"}],"wp:attachment":[{"href":"https:\/\/1to1nails.fr\/en\/wp-json\/wp\/v2\/media?parent=19"}],"curies":[{"name":"wp","href":"https:\/\/api.w.org\/{rel}","templated":true}]}}