{"id":2635,"date":"2023-08-17T00:38:26","date_gmt":"2023-08-16T22:38:26","guid":{"rendered":"https:\/\/new.1to1nails.fr\/?page_id=2635"},"modified":"2024-01-15T03:58:15","modified_gmt":"2024-01-15T02:58:15","slug":"paillettes-punk","status":"publish","type":"page","link":"https:\/\/1to1nails.fr\/en\/enfants\/paillettes-punk\/","title":{"rendered":"Paillettes Punk"},"content":{"rendered":"<div data-elementor-type=\"wp-page\" data-elementor-id=\"2635\" class=\"elementor elementor-2635\" data-elementor-settings=\"{&quot;ha_cmc_init_switcher&quot;:&quot;no&quot;}\">\n\t\t\t\t<div class=\"elementor-element elementor-element-2a2cc43 e-flex e-con-boxed e-con e-parent\" data-id=\"2a2cc43\" data-element_type=\"container\" data-e-type=\"container\" data-settings=\"{&quot;_ha_eqh_enable&quot;:false}\">\n\t\t\t\t\t<div class=\"e-con-inner\">\n\t\t\t\t<div class=\"elementor-element elementor-element-6a13d7d elementor-align-center elementor-mobile-align-center elementor-widget elementor-widget-button\" data-id=\"6a13d7d\" data-element_type=\"widget\" data-e-type=\"widget\" data-widget_type=\"button.default\">\n\t\t\t\t<div class=\"elementor-widget-container\">\n\t\t\t\t\t\t\t\t\t<div class=\"elementor-button-wrapper\">\n\t\t\t\t\t<a class=\"elementor-button elementor-button-link elementor-size-md\" href=\"https:\/\/1to1nails.fr\/en\/contact\/\">\n\t\t\t\t\t\t<span class=\"elementor-button-content-wrapper\">\n\t\t\t\t\t\t\t\t\t<span class=\"elementor-button-text\">Contact Me ! <\/span>\n\t\t\t\t\t<\/span>\n\t\t\t\t\t<\/a>\n\t\t\t\t<\/div>\n\t\t\t\t\t\t\t\t<\/div>\n\t\t\t\t<\/div>\n\t\t\t\t\t<\/div>\n\t\t\t\t<\/div>\n\t\t<div class=\"elementor-element elementor-element-f4c8949 e-flex e-con-boxed e-con e-parent\" data-id=\"f4c8949\" data-element_type=\"container\" data-e-type=\"container\" data-settings=\"{&quot;_ha_eqh_enable&quot;:false}\">\n\t\t\t\t\t<div class=\"e-con-inner\">\n\t\t\t\t<div data-ha-element-link=\"{&quot;url&quot;:&quot;https:\\\/\\\/1to1nails.fr\\\/contact\\\/&quot;,&quot;is_external&quot;:&quot;&quot;,&quot;nofollow&quot;:&quot;&quot;}\" style=\"cursor: pointer\" class=\"elementor-element elementor-element-b7fe1ed elementor-widget elementor-widget-heading\" data-id=\"b7fe1ed\" data-element_type=\"widget\" data-e-type=\"widget\" data-widget_type=\"heading.default\">\n\t\t\t\t<div class=\"elementor-widget-container\">\n\t\t\t\t\t<h3 class=\"elementor-heading-title elementor-size-default\">Contact me!<\/h3>\t\t\t\t<\/div>\n\t\t\t\t<\/div>\n\t\t\t\t<div class=\"elementor-element elementor-element-0afcb7b elementor-widget elementor-widget-heading\" data-id=\"0afcb7b\" data-element_type=\"widget\" data-e-type=\"widget\" data-widget_type=\"heading.default\">\n\t\t\t\t<div class=\"elementor-widget-container\">\n\t\t\t\t\t<h3 class=\"elementor-heading-title elementor-size-default\">Duration: 1 hour<\/h3>\t\t\t\t<\/div>\n\t\t\t\t<\/div>\n\t\t\t\t\t<\/div>\n\t\t\t\t<\/div>\n\t\t<div class=\"elementor-element elementor-element-0fa6c96 e-con-full e-flex e-con e-parent\" data-id=\"0fa6c96\" data-element_type=\"container\" data-e-type=\"container\" data-settings=\"{&quot;_ha_eqh_enable&quot;:false}\">\n\t\t<div class=\"elementor-element elementor-element-0e95945 e-con-full e-flex e-con e-parent\" data-id=\"0e95945\" data-element_type=\"container\" data-e-type=\"container\" data-settings=\"{&quot;_ha_eqh_enable&quot;:false}\">\n\t\t\t\t<div class=\"elementor-element elementor-element-f70209d elementor-widget__width-initial elementor-widget elementor-widget-image\" data-id=\"f70209d\" data-element_type=\"widget\" data-e-type=\"widget\" data-widget_type=\"image.default\">\n\t\t\t\t<div class=\"elementor-widget-container\">\n\t\t\t\t\t\t\t\t\t\t\t\t\t\t\t<img fetchpriority=\"high\" decoding=\"async\" width=\"1000\" height=\"1000\" src=\"https:\/\/1to1nails.fr\/wp-content\/uploads\/2023\/12\/1000036842_20231223_075718_0000-0.png\" class=\"attachment-full size-full wp-image-5273\" alt=\"\" srcset=\"https:\/\/1to1nails.fr\/wp-content\/uploads\/2023\/12\/1000036842_20231223_075718_0000-0.png 1000w, https:\/\/1to1nails.fr\/wp-content\/uploads\/2023\/12\/1000036842_20231223_075718_0000-0-300x300.png 300w, https:\/\/1to1nails.fr\/wp-content\/uploads\/2023\/12\/1000036842_20231223_075718_0000-0-150x150.png 150w, https:\/\/1to1nails.fr\/wp-content\/uploads\/2023\/12\/1000036842_20231223_075718_0000-0-768x768.png 768w, https:\/\/1to1nails.fr\/wp-content\/uploads\/2023\/12\/1000036842_20231223_075718_0000-0-12x12.png 12w, https:\/\/1to1nails.fr\/wp-content\/uploads\/2023\/12\/1000036842_20231223_075718_0000-0-650x650.png 650w\" sizes=\"(max-width: 1000px) 100vw, 1000px\" \/>\t\t\t\t\t\t\t\t\t\t\t\t\t\t\t<\/div>\n\t\t\t\t<\/div>\n\t\t<div class=\"elementor-element elementor-element-bd15170 e-con-full e-flex e-con e-parent\" data-id=\"bd15170\" data-element_type=\"container\" data-e-type=\"container\" data-settings=\"{&quot;background_background&quot;:&quot;classic&quot;,&quot;_ha_eqh_enable&quot;:false}\">\n\t\t\t\t<div class=\"elementor-element elementor-element-5ad63e5 elementor-widget elementor-widget-heading\" data-id=\"5ad63e5\" data-element_type=\"widget\" data-e-type=\"widget\" data-widget_type=\"heading.default\">\n\t\t\t\t<div class=\"elementor-widget-container\">\n\t\t\t\t\t<h3 class=\"elementor-heading-title elementor-size-default\">\u00c9pongeage et Estompage<\/h3>\t\t\t\t<\/div>\n\t\t\t\t<\/div>\n\t\t\t\t<div class=\"elementor-element elementor-element-3a7bf14 elementor-widget elementor-widget-heading\" data-id=\"3a7bf14\" data-element_type=\"widget\" data-e-type=\"widget\" data-widget_type=\"heading.default\">\n\t\t\t\t<div class=\"elementor-widget-container\">\n\t\t\t\t\t<h3 class=\"elementor-heading-title elementor-size-default\">Sponging and Stamping<\/h3>\t\t\t\t<\/div>\n\t\t\t\t<\/div>\n\t\t\t\t<\/div>\n\t\t\t\t<\/div>\n\t\t<div class=\"elementor-element elementor-element-ebb677a e-con-full e-flex e-con e-parent\" data-id=\"ebb677a\" data-element_type=\"container\" data-e-type=\"container\" data-settings=\"{&quot;_ha_eqh_enable&quot;:false}\">\n\t\t\t\t<div class=\"elementor-element elementor-element-93c8781 elementor-widget elementor-widget-text-editor\" data-id=\"93c8781\" data-element_type=\"widget\" data-e-type=\"widget\" data-widget_type=\"text-editor.default\">\n\t\t\t\t<div class=\"elementor-widget-container\">\n\t\t\t\t\t\t\t\t\t<p>Suitable for all ages<\/p>\t\t\t\t\t\t\t\t<\/div>\n\t\t\t\t<\/div>\n\t\t\t\t<\/div>\n\t\t\t\t<\/div>\n\t\t<div class=\"elementor-element elementor-element-d8e5373 e-flex e-con-boxed e-con e-parent\" data-id=\"d8e5373\" data-element_type=\"container\" data-e-type=\"container\" data-settings=\"{&quot;_ha_eqh_enable&quot;:false}\">\n\t\t\t\t\t<div class=\"e-con-inner\">\n\t\t<div class=\"elementor-element elementor-element-32e9ccc e-con-full e-flex e-con e-parent\" data-id=\"32e9ccc\" data-element_type=\"container\" data-e-type=\"container\" data-settings=\"{&quot;_ha_eqh_enable&quot;:false}\">\n\t\t\t\t<div class=\"elementor-element elementor-element-038ea82 elementor-widget__width-initial elementor-widget elementor-widget-image\" data-id=\"038ea82\" data-element_type=\"widget\" data-e-type=\"widget\" data-widget_type=\"image.default\">\n\t\t\t\t<div class=\"elementor-widget-container\">\n\t\t\t\t\t\t\t\t\t\t\t\t\t\t\t<img decoding=\"async\" width=\"810\" height=\"1080\" src=\"https:\/\/1to1nails.fr\/wp-content\/uploads\/2023\/11\/PXL_20231115_214737353.PORTRAIT-scaled-e1700089893541.jpg\" class=\"attachment-full size-full wp-image-5018\" alt=\"\" \/>\t\t\t\t\t\t\t\t\t\t\t\t\t\t\t<\/div>\n\t\t\t\t<\/div>\n\t\t<div class=\"elementor-element elementor-element-74388f7 e-con-full e-flex e-con e-parent\" data-id=\"74388f7\" data-element_type=\"container\" data-e-type=\"container\" data-settings=\"{&quot;background_background&quot;:&quot;classic&quot;,&quot;_ha_eqh_enable&quot;:false}\">\n\t\t\t\t<div class=\"elementor-element elementor-element-76c03d4 elementor-widget elementor-widget-heading\" data-id=\"76c03d4\" data-element_type=\"widget\" data-e-type=\"widget\" data-widget_type=\"heading.default\">\n\t\t\t\t<div class=\"elementor-widget-container\">\n\t\t\t\t\t<h3 class=\"elementor-heading-title elementor-size-default\">Paillettes Party<\/h3>\t\t\t\t<\/div>\n\t\t\t\t<\/div>\n\t\t\t\t<div class=\"elementor-element elementor-element-44742b9 elementor-widget elementor-widget-heading\" data-id=\"44742b9\" data-element_type=\"widget\" data-e-type=\"widget\" data-widget_type=\"heading.default\">\n\t\t\t\t<div class=\"elementor-widget-container\">\n\t\t\t\t\t<h3 class=\"elementor-heading-title elementor-size-default\">Glitter Polish<\/h3>\t\t\t\t<\/div>\n\t\t\t\t<\/div>\n\t\t\t\t<\/div>\n\t\t\t\t<\/div>\n\t\t<div class=\"elementor-element elementor-element-44335fa e-con-full e-flex e-con e-parent\" data-id=\"44335fa\" data-element_type=\"container\" data-e-type=\"container\" data-settings=\"{&quot;_ha_eqh_enable&quot;:false}\">\n\t\t\t\t<div class=\"elementor-element elementor-element-73c7a23 elementor-widget elementor-widget-text-editor\" data-id=\"73c7a23\" data-element_type=\"widget\" data-e-type=\"widget\" data-widget_type=\"text-editor.default\">\n\t\t\t\t<div class=\"elementor-widget-container\">\n\t\t\t\t\t\t\t\t\t<p>Suitable for all ages<br \/>Mixte<\/p>\t\t\t\t\t\t\t\t<\/div>\n\t\t\t\t<\/div>\n\t\t<div class=\"elementor-element elementor-element-7354d35 e-flex e-con-boxed e-con e-parent\" data-id=\"7354d35\" data-element_type=\"container\" data-e-type=\"container\" data-settings=\"{&quot;_ha_eqh_enable&quot;:false}\">\n\t\t\t\t\t<div class=\"e-con-inner\">\n\t\t\t\t<div class=\"elementor-element elementor-element-e59ec4d elementor-view-default elementor-widget elementor-widget-icon\" data-id=\"e59ec4d\" data-element_type=\"widget\" data-e-type=\"widget\" data-widget_type=\"icon.default\">\n\t\t\t\t<div class=\"elementor-widget-container\">\n\t\t\t\t\t\t\t<div class=\"elementor-icon-wrapper\">\n\t\t\t<div class=\"elementor-icon\">\n\t\t\t<i aria-hidden=\"true\" class=\"hm hm-gender-female\"><\/i>\t\t\t<\/div>\n\t\t<\/div>\n\t\t\t\t\t\t<\/div>\n\t\t\t\t<\/div>\n\t\t\t\t<div class=\"elementor-element elementor-element-bb35761 elementor-view-default elementor-widget elementor-widget-icon\" data-id=\"bb35761\" data-element_type=\"widget\" data-e-type=\"widget\" data-widget_type=\"icon.default\">\n\t\t\t\t<div class=\"elementor-widget-container\">\n\t\t\t\t\t\t\t<div class=\"elementor-icon-wrapper\">\n\t\t\t<div class=\"elementor-icon\">\n\t\t\t<i aria-hidden=\"true\" class=\"hm hm-gender-male\"><\/i>\t\t\t<\/div>\n\t\t<\/div>\n\t\t\t\t\t\t<\/div>\n\t\t\t\t<\/div>\n\t\t\t\t\t<\/div>\n\t\t\t\t<\/div>\n\t\t\t\t<\/div>\n\t\t\t\t\t<\/div>\n\t\t\t\t<\/div>\n\t\t<div class=\"elementor-element elementor-element-0881baf e-flex e-con-boxed e-con e-parent\" data-id=\"0881baf\" data-element_type=\"container\" data-e-type=\"container\" data-settings=\"{&quot;_ha_eqh_enable&quot;:false}\">\n\t\t\t\t\t<div class=\"e-con-inner\">\n\t\t<div class=\"elementor-element elementor-element-41682bf e-con-full e-flex e-con e-parent\" data-id=\"41682bf\" data-element_type=\"container\" data-e-type=\"container\" data-settings=\"{&quot;_ha_eqh_enable&quot;:false}\">\n\t\t\t\t<div class=\"elementor-element elementor-element-c1f0aad elementor-widget__width-initial elementor-widget elementor-widget-image\" data-id=\"c1f0aad\" data-element_type=\"widget\" data-e-type=\"widget\" data-widget_type=\"image.default\">\n\t\t\t\t<div class=\"elementor-widget-container\">\n\t\t\t\t\t\t\t\t\t\t\t\t\t\t\t<img decoding=\"async\" width=\"1990\" height=\"1958\" src=\"https:\/\/1to1nails.fr\/wp-content\/uploads\/2023\/11\/PXL_20231115_225321020.jpg\" class=\"attachment-full size-full wp-image-5014\" alt=\"\" srcset=\"https:\/\/1to1nails.fr\/wp-content\/uploads\/2023\/11\/PXL_20231115_225321020.jpg 1990w, https:\/\/1to1nails.fr\/wp-content\/uploads\/2023\/11\/PXL_20231115_225321020-300x295.jpg 300w, https:\/\/1to1nails.fr\/wp-content\/uploads\/2023\/11\/PXL_20231115_225321020-1024x1008.jpg 1024w, https:\/\/1to1nails.fr\/wp-content\/uploads\/2023\/11\/PXL_20231115_225321020-768x756.jpg 768w, https:\/\/1to1nails.fr\/wp-content\/uploads\/2023\/11\/PXL_20231115_225321020-1536x1511.jpg 1536w, https:\/\/1to1nails.fr\/wp-content\/uploads\/2023\/11\/PXL_20231115_225321020-12x12.jpg 12w\" sizes=\"(max-width: 1990px) 100vw, 1990px\" \/>\t\t\t\t\t\t\t\t\t\t\t\t\t\t\t<\/div>\n\t\t\t\t<\/div>\n\t\t<div class=\"elementor-element elementor-element-84a6f63 e-con-full e-flex e-con e-parent\" data-id=\"84a6f63\" data-element_type=\"container\" data-e-type=\"container\" data-settings=\"{&quot;background_background&quot;:&quot;classic&quot;,&quot;_ha_eqh_enable&quot;:false}\">\n\t\t\t\t<div class=\"elementor-element elementor-element-4eaee14 elementor-widget elementor-widget-heading\" data-id=\"4eaee14\" data-element_type=\"widget\" data-e-type=\"widget\" data-widget_type=\"heading.default\">\n\t\t\t\t<div class=\"elementor-widget-container\">\n\t\t\t\t\t<h3 class=\"elementor-heading-title elementor-size-default\">Atypique Nailart Fun<\/h3>\t\t\t\t<\/div>\n\t\t\t\t<\/div>\n\t\t\t\t<div class=\"elementor-element elementor-element-aee23e1 elementor-widget elementor-widget-heading\" data-id=\"aee23e1\" data-element_type=\"widget\" data-e-type=\"widget\" data-widget_type=\"heading.default\">\n\t\t\t\t<div class=\"elementor-widget-container\">\n\t\t\t\t\t<h3 class=\"elementor-heading-title elementor-size-default\">Household Items Nailart<\/h3>\t\t\t\t<\/div>\n\t\t\t\t<\/div>\n\t\t\t\t<\/div>\n\t\t\t\t<\/div>\n\t\t<div class=\"elementor-element elementor-element-fab8793 e-con-full e-flex e-con e-parent\" data-id=\"fab8793\" data-element_type=\"container\" data-e-type=\"container\" data-settings=\"{&quot;_ha_eqh_enable&quot;:false}\">\n\t\t\t\t<div class=\"elementor-element elementor-element-3c4c168 elementor-widget elementor-widget-text-editor\" data-id=\"3c4c168\" data-element_type=\"widget\" data-e-type=\"widget\" data-widget_type=\"text-editor.default\">\n\t\t\t\t<div class=\"elementor-widget-container\">\n\t\t\t\t\t\t\t\t\t<p>Suitable for all ages<\/p>\t\t\t\t\t\t\t\t<\/div>\n\t\t\t\t<\/div>\n\t\t\t\t<\/div>\n\t\t\t\t\t<\/div>\n\t\t\t\t<\/div>\n\t\t<div class=\"elementor-element elementor-element-b51e2e9 e-flex e-con-boxed e-con e-parent\" data-id=\"b51e2e9\" data-element_type=\"container\" data-e-type=\"container\" data-settings=\"{&quot;_ha_eqh_enable&quot;:false}\">\n\t\t\t\t\t<div class=\"e-con-inner\">\n\t\t\t\t<div class=\"elementor-element elementor-element-8b24d32 elementor-widget elementor-widget-heading\" data-id=\"8b24d32\" data-element_type=\"widget\" data-e-type=\"widget\" data-widget_type=\"heading.default\">\n\t\t\t\t<div class=\"elementor-widget-container\">\n\t\t\t\t\t<h3 class=\"elementor-heading-title elementor-size-default\">The children leave with a Goody Bag<\/h3>\t\t\t\t<\/div>\n\t\t\t\t<\/div>\n\t\t\t\t\t<\/div>\n\t\t\t\t<\/div>\n\t\t<div class=\"elementor-element elementor-element-b8fa9f9 e-con-full e-flex e-con e-parent\" data-id=\"b8fa9f9\" data-element_type=\"container\" data-e-type=\"container\" data-settings=\"{&quot;background_background&quot;:&quot;classic&quot;,&quot;_ha_eqh_enable&quot;:false}\">\n\t\t<div class=\"elementor-element elementor-element-754640c e-con-full e-flex e-con e-parent\" data-id=\"754640c\" data-element_type=\"container\" data-e-type=\"container\" data-settings=\"{&quot;background_background&quot;:&quot;classic&quot;,&quot;_ha_eqh_enable&quot;:false}\">\n\t\t\t\t<div class=\"elementor-element elementor-element-07cc729 elementor-widget__width-initial elementor-widget elementor-widget-video\" data-id=\"07cc729\" data-element_type=\"widget\" data-e-type=\"widget\" data-settings=\"{&quot;video_type&quot;:&quot;hosted&quot;,&quot;autoplay&quot;:&quot;yes&quot;,&quot;play_on_mobile&quot;:&quot;yes&quot;,&quot;mute&quot;:&quot;yes&quot;,&quot;loop&quot;:&quot;yes&quot;,&quot;controls&quot;:&quot;yes&quot;}\" data-widget_type=\"video.default\">\n\t\t\t\t<div class=\"elementor-widget-container\">\n\t\t\t\t\t\t\t<div class=\"e-hosted-video elementor-wrapper elementor-open-inline\">\n\t\t\t\t\t<video class=\"elementor-video\" src=\"https:\/\/1to1nails.fr\/wp-content\/uploads\/2024\/01\/glitter-goody-bag-small.mp4\" autoplay=\"\" loop=\"\" controls=\"\" muted=\"muted\" playsinline=\"\" controlslist=\"nodownload\"><\/video>\n\t\t\t\t<\/div>\n\t\t\t\t\t\t<\/div>\n\t\t\t\t<\/div>\n\t\t\t\t<\/div>\n\t\t\t\t<\/div>\n\t\t<div class=\"elementor-element elementor-element-64775f6 e-flex e-con-boxed e-con e-parent\" data-id=\"64775f6\" data-element_type=\"container\" data-e-type=\"container\" data-settings=\"{&quot;_ha_eqh_enable&quot;:false}\">\n\t\t\t\t\t<div class=\"e-con-inner\">\n\t\t\t\t<div class=\"elementor-element elementor-element-3ef13b2 elementor-align-center elementor-mobile-align-center elementor-widget elementor-widget-button\" data-id=\"3ef13b2\" data-element_type=\"widget\" data-e-type=\"widget\" data-widget_type=\"button.default\">\n\t\t\t\t<div class=\"elementor-widget-container\">\n\t\t\t\t\t\t\t\t\t<div class=\"elementor-button-wrapper\">\n\t\t\t\t\t<a class=\"elementor-button elementor-button-link elementor-size-md\" href=\"https:\/\/1to1nails.fr\/en\/contact\/\">\n\t\t\t\t\t\t<span class=\"elementor-button-content-wrapper\">\n\t\t\t\t\t\t\t\t\t<span class=\"elementor-button-text\">Contact Me ! <\/span>\n\t\t\t\t\t<\/span>\n\t\t\t\t\t<\/a>\n\t\t\t\t<\/div>\n\t\t\t\t\t\t\t\t<\/div>\n\t\t\t\t<\/div>\n\t\t\t\t\t<\/div>\n\t\t\t\t<\/div>\n\t\t\t\t<\/div>","protected":false},"excerpt":{"rendered":"<p>Contactez-Moi ! Contactez-moi Dur\u00e9e: 1 heure \u00c9pongeage et Estompage Sponging and Stamping Adapt\u00e9 \u00e0 tout \u00e2ge Paillettes Party Glitter Polish Adapt\u00e9 \u00e0 tout \u00e2geMixte Atypique Nailart Fun Household Items Nailart Adapt\u00e9 \u00e0 tout \u00e2ge Les enfants repartent avec un Goody Bag https:\/\/1to1nails.fr\/wp-content\/uploads\/2024\/01\/glitter-goody-bag-small.mp4 Contactez-Moi !<\/p>","protected":false},"author":1,"featured_media":0,"parent":2344,"menu_order":0,"comment_status":"closed","ping_status":"closed","template":"","meta":{"footnotes":""},"class_list":["post-2635","page","type-page","status-publish","hentry"],"yoast_head":"<!-- This site is optimized with the Yoast SEO plugin v26.6 - https:\/\/yoast.com\/wordpress\/plugins\/seo\/ -->\n<title>Paillettes Punk - 1to1Nails<\/title>\n<meta name=\"robots\" content=\"index, follow, max-snippet:-1, max-image-preview:large, max-video-preview:-1\" \/>\n<link rel=\"canonical\" href=\"https:\/\/1to1nails.fr\/en\/enfants\/paillettes-punk\/\" \/>\n<meta property=\"og:locale\" content=\"en_GB\" \/>\n<meta property=\"og:type\" content=\"article\" \/>\n<meta property=\"og:title\" content=\"Paillettes Punk - 1to1Nails\" \/>\n<meta property=\"og:description\" content=\"Contactez-Moi ! Contactez-moi Dur\u00e9e: 1 heure \u00c9pongeage et Estompage Sponging and Stamping Adapt\u00e9 \u00e0 tout \u00e2ge Paillettes Party Glitter Polish Adapt\u00e9 \u00e0 tout \u00e2geMixte Atypique Nailart Fun Household Items Nailart Adapt\u00e9 \u00e0 tout \u00e2ge Les enfants repartent avec un Goody Bag https:\/\/1to1nails.fr\/wp-content\/uploads\/2024\/01\/glitter-goody-bag-small.mp4 Contactez-Moi !\" \/>\n<meta property=\"og:url\" content=\"https:\/\/1to1nails.fr\/en\/enfants\/paillettes-punk\/\" \/>\n<meta property=\"og:site_name\" content=\"1to1Nails\" \/>\n<meta property=\"article:modified_time\" content=\"2024-01-15T02:58:15+00:00\" \/>\n<meta property=\"og:image\" content=\"https:\/\/1to1nails.fr\/wp-content\/uploads\/2023\/12\/1000036842_20231223_075718_0000-0.png\" \/>\n<meta name=\"twitter:card\" content=\"summary_large_image\" \/>\n<meta name=\"twitter:label1\" content=\"Estimated reading time\" \/>\n\t<meta name=\"twitter:data1\" content=\"1 minute\" \/>\n<script type=\"application\/ld+json\" class=\"yoast-schema-graph\">{\"@context\":\"https:\/\/schema.org\",\"@graph\":[{\"@type\":\"WebPage\",\"@id\":\"https:\/\/1to1nails.fr\/enfants\/paillettes-punk\/\",\"url\":\"https:\/\/1to1nails.fr\/enfants\/paillettes-punk\/\",\"name\":\"Paillettes Punk - 1to1Nails\",\"isPartOf\":{\"@id\":\"https:\/\/1to1nails.fr\/#website\"},\"primaryImageOfPage\":{\"@id\":\"https:\/\/1to1nails.fr\/enfants\/paillettes-punk\/#primaryimage\"},\"image\":{\"@id\":\"https:\/\/1to1nails.fr\/enfants\/paillettes-punk\/#primaryimage\"},\"thumbnailUrl\":\"https:\/\/1to1nails.fr\/wp-content\/uploads\/2023\/12\/1000036842_20231223_075718_0000-0.png\",\"datePublished\":\"2023-08-16T22:38:26+00:00\",\"dateModified\":\"2024-01-15T02:58:15+00:00\",\"breadcrumb\":{\"@id\":\"https:\/\/1to1nails.fr\/enfants\/paillettes-punk\/#breadcrumb\"},\"inLanguage\":\"en-GB\",\"potentialAction\":[{\"@type\":\"ReadAction\",\"target\":[\"https:\/\/1to1nails.fr\/enfants\/paillettes-punk\/\"]}]},{\"@type\":\"ImageObject\",\"inLanguage\":\"en-GB\",\"@id\":\"https:\/\/1to1nails.fr\/enfants\/paillettes-punk\/#primaryimage\",\"url\":\"https:\/\/1to1nails.fr\/wp-content\/uploads\/2023\/12\/1000036842_20231223_075718_0000-0.png\",\"contentUrl\":\"https:\/\/1to1nails.fr\/wp-content\/uploads\/2023\/12\/1000036842_20231223_075718_0000-0.png\"},{\"@type\":\"BreadcrumbList\",\"@id\":\"https:\/\/1to1nails.fr\/enfants\/paillettes-punk\/#breadcrumb\",\"itemListElement\":[{\"@type\":\"ListItem\",\"position\":1,\"name\":\"Accueil\",\"item\":\"https:\/\/1to1nails.fr\/\"},{\"@type\":\"ListItem\",\"position\":2,\"name\":\"Enfants\",\"item\":\"https:\/\/1to1nails.fr\/enfants\/\"},{\"@type\":\"ListItem\",\"position\":3,\"name\":\"Paillettes Punk\"}]},{\"@type\":\"WebSite\",\"@id\":\"https:\/\/1to1nails.fr\/#website\",\"url\":\"https:\/\/1to1nails.fr\/\",\"name\":\"1to1Nails\",\"description\":\"Vernis chez Vous\",\"publisher\":{\"@id\":\"https:\/\/1to1nails.fr\/#organization\"},\"potentialAction\":[{\"@type\":\"SearchAction\",\"target\":{\"@type\":\"EntryPoint\",\"urlTemplate\":\"https:\/\/1to1nails.fr\/?s={search_term_string}\"},\"query-input\":{\"@type\":\"PropertyValueSpecification\",\"valueRequired\":true,\"valueName\":\"search_term_string\"}}],\"inLanguage\":\"en-GB\"},{\"@type\":\"Organization\",\"@id\":\"https:\/\/1to1nails.fr\/#organization\",\"name\":\"1to1Nails\",\"url\":\"https:\/\/1to1nails.fr\/\",\"logo\":{\"@type\":\"ImageObject\",\"inLanguage\":\"en-GB\",\"@id\":\"https:\/\/1to1nails.fr\/#\/schema\/logo\/image\/\",\"url\":\"https:\/\/1to1nails.fr\/wp-content\/uploads\/2023\/08\/logo2.png\",\"contentUrl\":\"https:\/\/1to1nails.fr\/wp-content\/uploads\/2023\/08\/logo2.png\",\"width\":520,\"height\":112,\"caption\":\"1to1Nails\"},\"image\":{\"@id\":\"https:\/\/1to1nails.fr\/#\/schema\/logo\/image\/\"},\"sameAs\":[\"https:\/\/www.instagram.com\/1to1naildomicile\/\",\"https:\/\/www.instagram.com\/1to1nailprofessional\/\",\"https:\/\/www.instagram.com\/1to1nailkids\/\",\"https:\/\/www.instagram.com\/1to1nailcoach\/\"]}]}<\/script>\n<!-- \/ Yoast SEO plugin. -->","yoast_head_json":{"title":"Paillettes Punk - 1to1Nails","robots":{"index":"index","follow":"follow","max-snippet":"max-snippet:-1","max-image-preview":"max-image-preview:large","max-video-preview":"max-video-preview:-1"},"canonical":"https:\/\/1to1nails.fr\/en\/enfants\/paillettes-punk\/","og_locale":"en_GB","og_type":"article","og_title":"Paillettes Punk - 1to1Nails","og_description":"Contactez-Moi ! Contactez-moi Dur\u00e9e: 1 heure \u00c9pongeage et Estompage Sponging and Stamping Adapt\u00e9 \u00e0 tout \u00e2ge Paillettes Party Glitter Polish Adapt\u00e9 \u00e0 tout \u00e2geMixte Atypique Nailart Fun Household Items Nailart Adapt\u00e9 \u00e0 tout \u00e2ge Les enfants repartent avec un Goody Bag https:\/\/1to1nails.fr\/wp-content\/uploads\/2024\/01\/glitter-goody-bag-small.mp4 Contactez-Moi !","og_url":"https:\/\/1to1nails.fr\/en\/enfants\/paillettes-punk\/","og_site_name":"1to1Nails","article_modified_time":"2024-01-15T02:58:15+00:00","og_image":[{"url":"https:\/\/1to1nails.fr\/wp-content\/uploads\/2023\/12\/1000036842_20231223_075718_0000-0.png","type":"","width":"","height":""}],"twitter_card":"summary_large_image","twitter_misc":{"Estimated reading time":"1 minute"},"schema":{"@context":"https:\/\/schema.org","@graph":[{"@type":"WebPage","@id":"https:\/\/1to1nails.fr\/enfants\/paillettes-punk\/","url":"https:\/\/1to1nails.fr\/enfants\/paillettes-punk\/","name":"Paillettes Punk - 1to1Nails","isPartOf":{"@id":"https:\/\/1to1nails.fr\/#website"},"primaryImageOfPage":{"@id":"https:\/\/1to1nails.fr\/enfants\/paillettes-punk\/#primaryimage"},"image":{"@id":"https:\/\/1to1nails.fr\/enfants\/paillettes-punk\/#primaryimage"},"thumbnailUrl":"https:\/\/1to1nails.fr\/wp-content\/uploads\/2023\/12\/1000036842_20231223_075718_0000-0.png","datePublished":"2023-08-16T22:38:26+00:00","dateModified":"2024-01-15T02:58:15+00:00","breadcrumb":{"@id":"https:\/\/1to1nails.fr\/enfants\/paillettes-punk\/#breadcrumb"},"inLanguage":"en-GB","potentialAction":[{"@type":"ReadAction","target":["https:\/\/1to1nails.fr\/enfants\/paillettes-punk\/"]}]},{"@type":"ImageObject","inLanguage":"en-GB","@id":"https:\/\/1to1nails.fr\/enfants\/paillettes-punk\/#primaryimage","url":"https:\/\/1to1nails.fr\/wp-content\/uploads\/2023\/12\/1000036842_20231223_075718_0000-0.png","contentUrl":"https:\/\/1to1nails.fr\/wp-content\/uploads\/2023\/12\/1000036842_20231223_075718_0000-0.png"},{"@type":"BreadcrumbList","@id":"https:\/\/1to1nails.fr\/enfants\/paillettes-punk\/#breadcrumb","itemListElement":[{"@type":"ListItem","position":1,"name":"Accueil","item":"https:\/\/1to1nails.fr\/"},{"@type":"ListItem","position":2,"name":"Enfants","item":"https:\/\/1to1nails.fr\/enfants\/"},{"@type":"ListItem","position":3,"name":"Paillettes Punk"}]},{"@type":"WebSite","@id":"https:\/\/1to1nails.fr\/#website","url":"https:\/\/1to1nails.fr\/","name":"1to1Nails","description":"Vernis chez Vous","publisher":{"@id":"https:\/\/1to1nails.fr\/#organization"},"potentialAction":[{"@type":"SearchAction","target":{"@type":"EntryPoint","urlTemplate":"https:\/\/1to1nails.fr\/?s={search_term_string}"},"query-input":{"@type":"PropertyValueSpecification","valueRequired":true,"valueName":"search_term_string"}}],"inLanguage":"en-GB"},{"@type":"Organization","@id":"https:\/\/1to1nails.fr\/#organization","name":"1to1Nails","url":"https:\/\/1to1nails.fr\/","logo":{"@type":"ImageObject","inLanguage":"en-GB","@id":"https:\/\/1to1nails.fr\/#\/schema\/logo\/image\/","url":"https:\/\/1to1nails.fr\/wp-content\/uploads\/2023\/08\/logo2.png","contentUrl":"https:\/\/1to1nails.fr\/wp-content\/uploads\/2023\/08\/logo2.png","width":520,"height":112,"caption":"1to1Nails"},"image":{"@id":"https:\/\/1to1nails.fr\/#\/schema\/logo\/image\/"},"sameAs":["https:\/\/www.instagram.com\/1to1naildomicile\/","https:\/\/www.instagram.com\/1to1nailprofessional\/","https:\/\/www.instagram.com\/1to1nailkids\/","https:\/\/www.instagram.com\/1to1nailcoach\/"]}]}},"_links":{"self":[{"href":"https:\/\/1to1nails.fr\/en\/wp-json\/wp\/v2\/pages\/2635","targetHints":{"allow":["GET"]}}],"collection":[{"href":"https:\/\/1to1nails.fr\/en\/wp-json\/wp\/v2\/pages"}],"about":[{"href":"https:\/\/1to1nails.fr\/en\/wp-json\/wp\/v2\/types\/page"}],"author":[{"embeddable":true,"href":"https:\/\/1to1nails.fr\/en\/wp-json\/wp\/v2\/users\/1"}],"replies":[{"embeddable":true,"href":"https:\/\/1to1nails.fr\/en\/wp-json\/wp\/v2\/comments?post=2635"}],"version-history":[{"count":50,"href":"https:\/\/1to1nails.fr\/en\/wp-json\/wp\/v2\/pages\/2635\/revisions"}],"predecessor-version":[{"id":5389,"href":"https:\/\/1to1nails.fr\/en\/wp-json\/wp\/v2\/pages\/2635\/revisions\/5389"}],"up":[{"embeddable":true,"href":"https:\/\/1to1nails.fr\/en\/wp-json\/wp\/v2\/pages\/2344"}],"wp:attachment":[{"href":"https:\/\/1to1nails.fr\/en\/wp-json\/wp\/v2\/media?parent=2635"}],"curies":[{"name":"wp","href":"https:\/\/api.w.org\/{rel}","templated":true}]}}