{"id":2776,"date":"2023-08-18T19:13:18","date_gmt":"2023-08-18T17:13:18","guid":{"rendered":"https:\/\/new.1to1nails.fr\/?page_id=2776"},"modified":"2023-12-11T22:36:38","modified_gmt":"2023-12-11T21:36:38","slug":"entreprises-customlogo","status":"publish","type":"page","link":"https:\/\/1to1nails.fr\/en\/entreprises\/entreprises-customlogo\/","title":{"rendered":"Custom Logo"},"content":{"rendered":"<div data-elementor-type=\"wp-page\" data-elementor-id=\"2776\" class=\"elementor elementor-2776\" data-elementor-settings=\"{&quot;ha_cmc_init_switcher&quot;:&quot;no&quot;}\">\n\t\t\t\t<div class=\"elementor-element elementor-element-d997081 e-flex e-con-boxed e-con e-parent\" data-id=\"d997081\" data-element_type=\"container\" data-e-type=\"container\" data-settings=\"{&quot;_ha_eqh_enable&quot;:false}\">\n\t\t\t\t\t<div class=\"e-con-inner\">\n\t\t\t\t<div class=\"elementor-element elementor-element-f179a8c elementor-align-center elementor-mobile-align-center elementor-widget elementor-widget-button\" data-id=\"f179a8c\" data-element_type=\"widget\" data-e-type=\"widget\" data-widget_type=\"button.default\">\n\t\t\t\t<div class=\"elementor-widget-container\">\n\t\t\t\t\t\t\t\t\t<div class=\"elementor-button-wrapper\">\n\t\t\t\t\t<a class=\"elementor-button elementor-button-link elementor-size-md\" href=\"https:\/\/1to1nails.fr\/en\/contact\/\">\n\t\t\t\t\t\t<span class=\"elementor-button-content-wrapper\">\n\t\t\t\t\t\t\t\t\t<span class=\"elementor-button-text\">Contact Me ! <\/span>\n\t\t\t\t\t<\/span>\n\t\t\t\t\t<\/a>\n\t\t\t\t<\/div>\n\t\t\t\t\t\t\t\t<\/div>\n\t\t\t\t<\/div>\n\t\t\t\t\t<\/div>\n\t\t\t\t<\/div>\n\t\t<div class=\"elementor-element elementor-element-851a2fd e-flex e-con-boxed e-con e-parent\" data-id=\"851a2fd\" data-element_type=\"container\" data-e-type=\"container\" data-settings=\"{&quot;_ha_eqh_enable&quot;:false}\">\n\t\t\t\t\t<div class=\"e-con-inner\">\n\t\t\t\t<div class=\"elementor-element elementor-element-e180891 elementor-widget elementor-widget-heading\" data-id=\"e180891\" data-element_type=\"widget\" data-e-type=\"widget\" data-widget_type=\"heading.default\">\n\t\t\t\t<div class=\"elementor-widget-container\">\n\t\t\t\t\t<h3 class=\"elementor-heading-title elementor-size-default\">Coming soon<\/h3>\t\t\t\t<\/div>\n\t\t\t\t<\/div>\n\t\t\t\t<div class=\"elementor-element elementor-element-51a8062 elementor-widget elementor-widget-heading\" data-id=\"51a8062\" data-element_type=\"widget\" data-e-type=\"widget\" data-widget_type=\"heading.default\">\n\t\t\t\t<div class=\"elementor-widget-container\">\n\t\t\t\t\t<h3 class=\"elementor-heading-title elementor-size-default\">Contact me \/ 60 mins<\/h3>\t\t\t\t<\/div>\n\t\t\t\t<\/div>\n\t\t\t\t\t<\/div>\n\t\t\t\t<\/div>\n\t\t<div class=\"elementor-element elementor-element-f238c3a e-flex e-con-boxed e-con e-parent\" data-id=\"f238c3a\" data-element_type=\"container\" data-e-type=\"container\" data-settings=\"{&quot;_ha_eqh_enable&quot;:false}\">\n\t\t\t\t\t<div class=\"e-con-inner\">\n\t\t\t\t<div class=\"elementor-element elementor-element-c3de3a8 elementor-widget elementor-widget-heading\" data-id=\"c3de3a8\" data-element_type=\"widget\" data-e-type=\"widget\" data-widget_type=\"heading.default\">\n\t\t\t\t<div class=\"elementor-widget-container\">\n\t\t\t\t\t<h3 class=\"elementor-heading-title elementor-size-default\">Custom Logo<\/h3>\t\t\t\t<\/div>\n\t\t\t\t<\/div>\n\t\t\t\t\t<\/div>\n\t\t\t\t<\/div>\n\t\t<div class=\"elementor-element elementor-element-3f4f2bb e-flex e-con-boxed e-con e-parent\" data-id=\"3f4f2bb\" data-element_type=\"container\" data-e-type=\"container\" data-settings=\"{&quot;_ha_eqh_enable&quot;:false}\">\n\t\t\t\t\t<div class=\"e-con-inner\">\n\t\t<div class=\"elementor-element elementor-element-1b29903 e-grid e-con-boxed e-con e-parent\" data-id=\"1b29903\" data-element_type=\"container\" data-e-type=\"container\" data-settings=\"{&quot;_ha_eqh_enable&quot;:false}\">\n\t\t\t\t\t<div class=\"e-con-inner\">\n\t\t<div class=\"elementor-element elementor-element-9acad3d e-flex e-con-boxed e-con e-parent\" data-id=\"9acad3d\" data-element_type=\"container\" data-e-type=\"container\" data-settings=\"{&quot;_ha_eqh_enable&quot;:false}\">\n\t\t\t\t\t<div class=\"e-con-inner\">\n\t\t\t\t<div class=\"elementor-element elementor-element-a440fa4 elementor-widget elementor-widget-image\" data-id=\"a440fa4\" data-element_type=\"widget\" data-e-type=\"widget\" data-widget_type=\"image.default\">\n\t\t\t\t<div class=\"elementor-widget-container\">\n\t\t\t\t\t\t\t\t\t\t\t\t\t\t\t<img fetchpriority=\"high\" decoding=\"async\" width=\"2161\" height=\"2200\" src=\"https:\/\/1to1nails.fr\/wp-content\/uploads\/2023\/11\/PXL_20231130_201256657.jpg\" class=\"attachment-full size-full wp-image-5174\" alt=\"\" srcset=\"https:\/\/1to1nails.fr\/wp-content\/uploads\/2023\/11\/PXL_20231130_201256657.jpg 2161w, https:\/\/1to1nails.fr\/wp-content\/uploads\/2023\/11\/PXL_20231130_201256657-295x300.jpg 295w, https:\/\/1to1nails.fr\/wp-content\/uploads\/2023\/11\/PXL_20231130_201256657-1006x1024.jpg 1006w, https:\/\/1to1nails.fr\/wp-content\/uploads\/2023\/11\/PXL_20231130_201256657-768x782.jpg 768w, https:\/\/1to1nails.fr\/wp-content\/uploads\/2023\/11\/PXL_20231130_201256657-1509x1536.jpg 1509w, https:\/\/1to1nails.fr\/wp-content\/uploads\/2023\/11\/PXL_20231130_201256657-2012x2048.jpg 2012w, https:\/\/1to1nails.fr\/wp-content\/uploads\/2023\/11\/PXL_20231130_201256657-12x12.jpg 12w\" sizes=\"(max-width: 2161px) 100vw, 2161px\" \/>\t\t\t\t\t\t\t\t\t\t\t\t\t\t\t<\/div>\n\t\t\t\t<\/div>\n\t\t\t\t\t<\/div>\n\t\t\t\t<\/div>\n\t\t<div data-ha-element-link=\"{&quot;url&quot;:&quot;https:\\\/\\\/1to1nails.fr\\\/domicile\\\/&quot;,&quot;is_external&quot;:&quot;&quot;,&quot;nofollow&quot;:&quot;&quot;}\" style=\"cursor: pointer\" class=\"elementor-element elementor-element-45c6ccf e-flex e-con-boxed e-con e-parent\" data-id=\"45c6ccf\" data-element_type=\"container\" data-e-type=\"container\" data-settings=\"{&quot;background_background&quot;:&quot;classic&quot;,&quot;_ha_eqh_enable&quot;:false}\">\n\t\t\t\t\t<div class=\"e-con-inner\">\n\t\t\t\t<div class=\"elementor-element elementor-element-2a10847 elementor-widget-mobile__width-inherit elementor-widget elementor-widget-text-editor\" data-id=\"2a10847\" data-element_type=\"widget\" data-e-type=\"widget\" data-widget_type=\"text-editor.default\">\n\t\t\t\t<div class=\"elementor-widget-container\">\n\t\t\t\t\t\t\t\t\t<p>Une activit\u00e9 mixte divertissante entre coll\u00e8gues o\u00f9 vous r\u00e9aliserez des autocollants pour ongles et des tatouages du logo de votre entreprises ou d&rsquo;images amusantes imagin\u00e9es par vos coll\u00e8gues.<br \/>Ceci est un bon moyen pour cr\u00e9er un esprit d&rsquo;\u00e9quipe mais aussi de faire de la publicit\u00e9 pour votre soci\u00e9t\u00e9 sur un support original !<\/p>\t\t\t\t\t\t\t\t<\/div>\n\t\t\t\t<\/div>\n\t\t\t\t\t<\/div>\n\t\t\t\t<\/div>\n\t\t\t\t\t<\/div>\n\t\t\t\t<\/div>\n\t\t\t\t\t<\/div>\n\t\t\t\t<\/div>\n\t\t<div class=\"elementor-element elementor-element-ffa9ac5 e-flex e-con-boxed e-con e-parent\" data-id=\"ffa9ac5\" data-element_type=\"container\" data-e-type=\"container\" data-settings=\"{&quot;_ha_eqh_enable&quot;:false}\">\n\t\t\t\t\t<div class=\"e-con-inner\">\n\t\t\t\t<div class=\"elementor-element elementor-element-d91d81b elementor-align-center elementor-mobile-align-center elementor-widget elementor-widget-button\" data-id=\"d91d81b\" data-element_type=\"widget\" data-e-type=\"widget\" data-widget_type=\"button.default\">\n\t\t\t\t<div class=\"elementor-widget-container\">\n\t\t\t\t\t\t\t\t\t<div class=\"elementor-button-wrapper\">\n\t\t\t\t\t<a class=\"elementor-button elementor-button-link elementor-size-md\" href=\"https:\/\/1to1nails.fr\/en\/contact\/\">\n\t\t\t\t\t\t<span class=\"elementor-button-content-wrapper\">\n\t\t\t\t\t\t\t\t\t<span class=\"elementor-button-text\">Contact Me ! <\/span>\n\t\t\t\t\t<\/span>\n\t\t\t\t\t<\/a>\n\t\t\t\t<\/div>\n\t\t\t\t\t\t\t\t<\/div>\n\t\t\t\t<\/div>\n\t\t\t\t\t<\/div>\n\t\t\t\t<\/div>\n\t\t\t\t<\/div>","protected":false},"excerpt":{"rendered":"<p>Contactez-Moi ! A venir Contactez-moi \/ 60 mins Custom Logo Une activit\u00e9 mixte divertissante entre coll\u00e8gues o\u00f9 vous r\u00e9aliserez des autocollants pour ongles et des tatouages du logo de votre entreprises ou d&rsquo;images amusantes imagin\u00e9es par vos coll\u00e8gues.Ceci est un bon moyen pour cr\u00e9er un esprit d&rsquo;\u00e9quipe mais aussi de faire de la publicit\u00e9 pour [&hellip;]<\/p>","protected":false},"author":1,"featured_media":0,"parent":2356,"menu_order":0,"comment_status":"closed","ping_status":"closed","template":"","meta":{"footnotes":""},"class_list":["post-2776","page","type-page","status-publish","hentry"],"yoast_head":"<!-- This site is optimized with the Yoast SEO plugin v26.6 - https:\/\/yoast.com\/wordpress\/plugins\/seo\/ -->\n<title>Custom Logo - 1to1Nails<\/title>\n<meta name=\"description\" content=\"Un support original pour promouvoir votre entreprise durant un \u00e9v\u00e8nement: cr\u00e9er votre logo sur des stickers pour ongles\" \/>\n<meta name=\"robots\" content=\"index, follow, max-snippet:-1, max-image-preview:large, max-video-preview:-1\" \/>\n<link rel=\"canonical\" href=\"https:\/\/1to1nails.fr\/en\/entreprises\/entreprises-customlogo\/\" \/>\n<meta property=\"og:locale\" content=\"en_GB\" \/>\n<meta property=\"og:type\" content=\"article\" \/>\n<meta property=\"og:title\" content=\"Custom Logo - 1to1Nails\" \/>\n<meta property=\"og:description\" content=\"Un support original pour promouvoir votre entreprise durant un \u00e9v\u00e8nement: cr\u00e9er votre logo sur des stickers pour ongles\" \/>\n<meta property=\"og:url\" content=\"https:\/\/1to1nails.fr\/en\/entreprises\/entreprises-customlogo\/\" \/>\n<meta property=\"og:site_name\" content=\"1to1Nails\" \/>\n<meta property=\"article:modified_time\" content=\"2023-12-11T21:36:38+00:00\" \/>\n<meta property=\"og:image\" content=\"https:\/\/1to1nails.fr\/wp-content\/uploads\/2023\/11\/PXL_20231130_201256657.jpg\" \/>\n<meta name=\"twitter:card\" content=\"summary_large_image\" \/>\n<meta name=\"twitter:label1\" content=\"Estimated reading time\" \/>\n\t<meta name=\"twitter:data1\" content=\"1 minute\" \/>\n<script type=\"application\/ld+json\" class=\"yoast-schema-graph\">{\"@context\":\"https:\/\/schema.org\",\"@graph\":[{\"@type\":\"WebPage\",\"@id\":\"https:\/\/1to1nails.fr\/entreprises\/entreprises-customlogo\/\",\"url\":\"https:\/\/1to1nails.fr\/entreprises\/entreprises-customlogo\/\",\"name\":\"Custom Logo - 1to1Nails\",\"isPartOf\":{\"@id\":\"https:\/\/1to1nails.fr\/#website\"},\"primaryImageOfPage\":{\"@id\":\"https:\/\/1to1nails.fr\/entreprises\/entreprises-customlogo\/#primaryimage\"},\"image\":{\"@id\":\"https:\/\/1to1nails.fr\/entreprises\/entreprises-customlogo\/#primaryimage\"},\"thumbnailUrl\":\"https:\/\/1to1nails.fr\/wp-content\/uploads\/2023\/11\/PXL_20231130_201256657.jpg\",\"datePublished\":\"2023-08-18T17:13:18+00:00\",\"dateModified\":\"2023-12-11T21:36:38+00:00\",\"description\":\"Un support original pour promouvoir votre entreprise durant un \u00e9v\u00e8nement: cr\u00e9er votre logo sur des stickers pour ongles\",\"breadcrumb\":{\"@id\":\"https:\/\/1to1nails.fr\/entreprises\/entreprises-customlogo\/#breadcrumb\"},\"inLanguage\":\"en-GB\",\"potentialAction\":[{\"@type\":\"ReadAction\",\"target\":[\"https:\/\/1to1nails.fr\/entreprises\/entreprises-customlogo\/\"]}]},{\"@type\":\"ImageObject\",\"inLanguage\":\"en-GB\",\"@id\":\"https:\/\/1to1nails.fr\/entreprises\/entreprises-customlogo\/#primaryimage\",\"url\":\"https:\/\/1to1nails.fr\/wp-content\/uploads\/2023\/11\/PXL_20231130_201256657.jpg\",\"contentUrl\":\"https:\/\/1to1nails.fr\/wp-content\/uploads\/2023\/11\/PXL_20231130_201256657.jpg\"},{\"@type\":\"BreadcrumbList\",\"@id\":\"https:\/\/1to1nails.fr\/entreprises\/entreprises-customlogo\/#breadcrumb\",\"itemListElement\":[{\"@type\":\"ListItem\",\"position\":1,\"name\":\"Accueil\",\"item\":\"https:\/\/1to1nails.fr\/\"},{\"@type\":\"ListItem\",\"position\":2,\"name\":\"entreprises\",\"item\":\"https:\/\/1to1nails.fr\/entreprises\/\"},{\"@type\":\"ListItem\",\"position\":3,\"name\":\"Custom Logo\"}]},{\"@type\":\"WebSite\",\"@id\":\"https:\/\/1to1nails.fr\/#website\",\"url\":\"https:\/\/1to1nails.fr\/\",\"name\":\"1to1Nails\",\"description\":\"Vernis chez Vous\",\"publisher\":{\"@id\":\"https:\/\/1to1nails.fr\/#organization\"},\"potentialAction\":[{\"@type\":\"SearchAction\",\"target\":{\"@type\":\"EntryPoint\",\"urlTemplate\":\"https:\/\/1to1nails.fr\/?s={search_term_string}\"},\"query-input\":{\"@type\":\"PropertyValueSpecification\",\"valueRequired\":true,\"valueName\":\"search_term_string\"}}],\"inLanguage\":\"en-GB\"},{\"@type\":\"Organization\",\"@id\":\"https:\/\/1to1nails.fr\/#organization\",\"name\":\"1to1Nails\",\"url\":\"https:\/\/1to1nails.fr\/\",\"logo\":{\"@type\":\"ImageObject\",\"inLanguage\":\"en-GB\",\"@id\":\"https:\/\/1to1nails.fr\/#\/schema\/logo\/image\/\",\"url\":\"https:\/\/1to1nails.fr\/wp-content\/uploads\/2023\/08\/logo2.png\",\"contentUrl\":\"https:\/\/1to1nails.fr\/wp-content\/uploads\/2023\/08\/logo2.png\",\"width\":520,\"height\":112,\"caption\":\"1to1Nails\"},\"image\":{\"@id\":\"https:\/\/1to1nails.fr\/#\/schema\/logo\/image\/\"},\"sameAs\":[\"https:\/\/www.instagram.com\/1to1naildomicile\/\",\"https:\/\/www.instagram.com\/1to1nailprofessional\/\",\"https:\/\/www.instagram.com\/1to1nailkids\/\",\"https:\/\/www.instagram.com\/1to1nailcoach\/\"]}]}<\/script>\n<!-- \/ Yoast SEO plugin. -->","yoast_head_json":{"title":"Custom Logo - 1to1Nails","description":"Un support original pour promouvoir votre entreprise durant un \u00e9v\u00e8nement: cr\u00e9er votre logo sur des stickers pour ongles","robots":{"index":"index","follow":"follow","max-snippet":"max-snippet:-1","max-image-preview":"max-image-preview:large","max-video-preview":"max-video-preview:-1"},"canonical":"https:\/\/1to1nails.fr\/en\/entreprises\/entreprises-customlogo\/","og_locale":"en_GB","og_type":"article","og_title":"Custom Logo - 1to1Nails","og_description":"Un support original pour promouvoir votre entreprise durant un \u00e9v\u00e8nement: cr\u00e9er votre logo sur des stickers pour ongles","og_url":"https:\/\/1to1nails.fr\/en\/entreprises\/entreprises-customlogo\/","og_site_name":"1to1Nails","article_modified_time":"2023-12-11T21:36:38+00:00","og_image":[{"url":"https:\/\/1to1nails.fr\/wp-content\/uploads\/2023\/11\/PXL_20231130_201256657.jpg","type":"","width":"","height":""}],"twitter_card":"summary_large_image","twitter_misc":{"Estimated reading time":"1 minute"},"schema":{"@context":"https:\/\/schema.org","@graph":[{"@type":"WebPage","@id":"https:\/\/1to1nails.fr\/entreprises\/entreprises-customlogo\/","url":"https:\/\/1to1nails.fr\/entreprises\/entreprises-customlogo\/","name":"Custom Logo - 1to1Nails","isPartOf":{"@id":"https:\/\/1to1nails.fr\/#website"},"primaryImageOfPage":{"@id":"https:\/\/1to1nails.fr\/entreprises\/entreprises-customlogo\/#primaryimage"},"image":{"@id":"https:\/\/1to1nails.fr\/entreprises\/entreprises-customlogo\/#primaryimage"},"thumbnailUrl":"https:\/\/1to1nails.fr\/wp-content\/uploads\/2023\/11\/PXL_20231130_201256657.jpg","datePublished":"2023-08-18T17:13:18+00:00","dateModified":"2023-12-11T21:36:38+00:00","description":"Un support original pour promouvoir votre entreprise durant un \u00e9v\u00e8nement: cr\u00e9er votre logo sur des stickers pour ongles","breadcrumb":{"@id":"https:\/\/1to1nails.fr\/entreprises\/entreprises-customlogo\/#breadcrumb"},"inLanguage":"en-GB","potentialAction":[{"@type":"ReadAction","target":["https:\/\/1to1nails.fr\/entreprises\/entreprises-customlogo\/"]}]},{"@type":"ImageObject","inLanguage":"en-GB","@id":"https:\/\/1to1nails.fr\/entreprises\/entreprises-customlogo\/#primaryimage","url":"https:\/\/1to1nails.fr\/wp-content\/uploads\/2023\/11\/PXL_20231130_201256657.jpg","contentUrl":"https:\/\/1to1nails.fr\/wp-content\/uploads\/2023\/11\/PXL_20231130_201256657.jpg"},{"@type":"BreadcrumbList","@id":"https:\/\/1to1nails.fr\/entreprises\/entreprises-customlogo\/#breadcrumb","itemListElement":[{"@type":"ListItem","position":1,"name":"Accueil","item":"https:\/\/1to1nails.fr\/"},{"@type":"ListItem","position":2,"name":"entreprises","item":"https:\/\/1to1nails.fr\/entreprises\/"},{"@type":"ListItem","position":3,"name":"Custom Logo"}]},{"@type":"WebSite","@id":"https:\/\/1to1nails.fr\/#website","url":"https:\/\/1to1nails.fr\/","name":"1to1Nails","description":"Vernis chez Vous","publisher":{"@id":"https:\/\/1to1nails.fr\/#organization"},"potentialAction":[{"@type":"SearchAction","target":{"@type":"EntryPoint","urlTemplate":"https:\/\/1to1nails.fr\/?s={search_term_string}"},"query-input":{"@type":"PropertyValueSpecification","valueRequired":true,"valueName":"search_term_string"}}],"inLanguage":"en-GB"},{"@type":"Organization","@id":"https:\/\/1to1nails.fr\/#organization","name":"1to1Nails","url":"https:\/\/1to1nails.fr\/","logo":{"@type":"ImageObject","inLanguage":"en-GB","@id":"https:\/\/1to1nails.fr\/#\/schema\/logo\/image\/","url":"https:\/\/1to1nails.fr\/wp-content\/uploads\/2023\/08\/logo2.png","contentUrl":"https:\/\/1to1nails.fr\/wp-content\/uploads\/2023\/08\/logo2.png","width":520,"height":112,"caption":"1to1Nails"},"image":{"@id":"https:\/\/1to1nails.fr\/#\/schema\/logo\/image\/"},"sameAs":["https:\/\/www.instagram.com\/1to1naildomicile\/","https:\/\/www.instagram.com\/1to1nailprofessional\/","https:\/\/www.instagram.com\/1to1nailkids\/","https:\/\/www.instagram.com\/1to1nailcoach\/"]}]}},"_links":{"self":[{"href":"https:\/\/1to1nails.fr\/en\/wp-json\/wp\/v2\/pages\/2776","targetHints":{"allow":["GET"]}}],"collection":[{"href":"https:\/\/1to1nails.fr\/en\/wp-json\/wp\/v2\/pages"}],"about":[{"href":"https:\/\/1to1nails.fr\/en\/wp-json\/wp\/v2\/types\/page"}],"author":[{"embeddable":true,"href":"https:\/\/1to1nails.fr\/en\/wp-json\/wp\/v2\/users\/1"}],"replies":[{"embeddable":true,"href":"https:\/\/1to1nails.fr\/en\/wp-json\/wp\/v2\/comments?post=2776"}],"version-history":[{"count":119,"href":"https:\/\/1to1nails.fr\/en\/wp-json\/wp\/v2\/pages\/2776\/revisions"}],"predecessor-version":[{"id":5211,"href":"https:\/\/1to1nails.fr\/en\/wp-json\/wp\/v2\/pages\/2776\/revisions\/5211"}],"up":[{"embeddable":true,"href":"https:\/\/1to1nails.fr\/en\/wp-json\/wp\/v2\/pages\/2356"}],"wp:attachment":[{"href":"https:\/\/1to1nails.fr\/en\/wp-json\/wp\/v2\/media?parent=2776"}],"curies":[{"name":"wp","href":"https:\/\/api.w.org\/{rel}","templated":true}]}}