{"id":420,"date":"2023-08-06T15:12:03","date_gmt":"2023-08-06T13:12:03","guid":{"rendered":"https:\/\/new.1to1nails.fr\/?page_id=420"},"modified":"2025-09-14T20:12:33","modified_gmt":"2025-09-14T18:12:33","slug":"domicile","status":"publish","type":"page","link":"https:\/\/1to1nails.fr\/en\/domicile\/","title":{"rendered":"At Home"},"content":{"rendered":"<div data-elementor-type=\"wp-page\" data-elementor-id=\"420\" class=\"elementor elementor-420\" data-elementor-settings=\"{&quot;ha_cmc_init_switcher&quot;:&quot;no&quot;}\">\n\t\t\t\t<div class=\"elementor-element elementor-element-3bde46e e-flex e-con-boxed e-con e-parent\" data-id=\"3bde46e\" data-element_type=\"container\" data-e-type=\"container\" data-settings=\"{&quot;background_background&quot;:&quot;gradient&quot;,&quot;_ha_eqh_enable&quot;:false}\">\n\t\t\t\t\t<div class=\"e-con-inner\">\n\t\t\t\t<div class=\"elementor-element elementor-element-379ef07 s1to1-heading elementor-widget elementor-widget-heading\" data-id=\"379ef07\" data-element_type=\"widget\" data-e-type=\"widget\" data-widget_type=\"heading.default\">\n\t\t\t\t<div class=\"elementor-widget-container\">\n\t\t\t\t\t<h2 class=\"elementor-heading-title elementor-size-large translation-block\">Treat yourself,<br>treat yourself to a moment of relaxation at home<\/h2>\t\t\t\t<\/div>\n\t\t\t\t<\/div>\n\t\t\t\t<div class=\"elementor-element elementor-element-b22a00e elementor-align-center elementor-widget elementor-widget-button\" data-id=\"b22a00e\" data-element_type=\"widget\" data-e-type=\"widget\" data-settings=\"{&quot;_animation&quot;:&quot;none&quot;}\" data-widget_type=\"button.default\">\n\t\t\t\t<div class=\"elementor-widget-container\">\n\t\t\t\t\t\t\t\t\t<div class=\"elementor-button-wrapper\">\n\t\t\t\t\t<a class=\"elementor-button elementor-button-link elementor-size-md\" href=\"https:\/\/1to1nails.fr\/en\/a-propos\/contact\/\">\n\t\t\t\t\t\t<span class=\"elementor-button-content-wrapper\">\n\t\t\t\t\t\t\t\t\t<span class=\"elementor-button-text\">Book<\/span>\n\t\t\t\t\t<\/span>\n\t\t\t\t\t<\/a>\n\t\t\t\t<\/div>\n\t\t\t\t\t\t\t\t<\/div>\n\t\t\t\t<\/div>\n\t\t<div class=\"elementor-element elementor-element-51f52d3 e-grid e-con-boxed e-con e-child\" data-id=\"51f52d3\" data-element_type=\"container\" data-e-type=\"container\" data-settings=\"{&quot;_ha_eqh_enable&quot;:false}\">\n\t\t\t\t\t<div class=\"e-con-inner\">\n\t\t<div class=\"elementor-element elementor-element-0ecaca5 e-flex e-con-boxed e-con e-child\" data-id=\"0ecaca5\" data-element_type=\"container\" data-e-type=\"container\" data-settings=\"{&quot;animation&quot;:&quot;none&quot;,&quot;_ha_eqh_enable&quot;:false}\">\n\t\t\t\t\t<div class=\"e-con-inner\">\n\t\t\t\t<div class=\"elementor-element elementor-element-64c273a elementor-widget elementor-widget-image\" data-id=\"64c273a\" data-element_type=\"widget\" data-e-type=\"widget\" data-widget_type=\"image.default\">\n\t\t\t\t<div class=\"elementor-widget-container\">\n\t\t\t\t\t\t\t\t\t\t\t\t\t\t\t\t<a href=\"https:\/\/1to1nails.fr\/en\/mains\/\">\n\t\t\t\t\t\t\t<img fetchpriority=\"high\" decoding=\"async\" width=\"684\" height=\"1024\" src=\"https:\/\/1to1nails.fr\/wp-content\/uploads\/2023\/08\/hand-white-scaled-e1691353579411-684x1024.jpg\" class=\"attachment-large size-large wp-image-762\" alt=\"\" srcset=\"https:\/\/1to1nails.fr\/wp-content\/uploads\/2023\/08\/hand-white-scaled-e1691353579411-684x1024.jpg 684w, https:\/\/1to1nails.fr\/wp-content\/uploads\/2023\/08\/hand-white-scaled-e1691353579411-200x300.jpg 200w, https:\/\/1to1nails.fr\/wp-content\/uploads\/2023\/08\/hand-white-scaled-e1691353579411.jpg 721w\" sizes=\"(max-width: 684px) 100vw, 684px\" \/>\t\t\t\t\t\t\t\t<\/a>\n\t\t\t\t\t\t\t\t\t\t\t\t\t\t\t<\/div>\n\t\t\t\t<\/div>\n\t\t<div data-ha-element-link=\"{&quot;url&quot;:&quot;https:\\\/\\\/1to1nails.fr\\\/mains\\\/&quot;,&quot;is_external&quot;:&quot;&quot;,&quot;nofollow&quot;:&quot;&quot;}\" style=\"cursor: pointer\" class=\"elementor-element elementor-element-5cdf11e e-flex e-con-boxed e-con e-child\" data-id=\"5cdf11e\" data-element_type=\"container\" data-e-type=\"container\" data-settings=\"{&quot;background_background&quot;:&quot;classic&quot;,&quot;_ha_eqh_enable&quot;:false}\">\n\t\t\t\t\t<div class=\"e-con-inner\">\n\t\t\t\t<div class=\"elementor-element elementor-element-a5c13be elementor-widget elementor-widget-heading\" data-id=\"a5c13be\" data-element_type=\"widget\" data-e-type=\"widget\" data-widget_type=\"heading.default\">\n\t\t\t\t<div class=\"elementor-widget-container\">\n\t\t\t\t\t<h2 class=\"elementor-heading-title elementor-size-default\">Hands<\/h2>\t\t\t\t<\/div>\n\t\t\t\t<\/div>\n\t\t\t\t<div class=\"elementor-element elementor-element-7169f43 elementor-widget elementor-widget-heading\" data-id=\"7169f43\" data-element_type=\"widget\" data-e-type=\"widget\" data-widget_type=\"heading.default\">\n\t\t\t\t<div class=\"elementor-widget-container\">\n\t\t\t\t\t<h2 class=\"elementor-heading-title elementor-size-default\">Hands<\/h2>\t\t\t\t<\/div>\n\t\t\t\t<\/div>\n\t\t\t\t\t<\/div>\n\t\t\t\t<\/div>\n\t\t\t\t\t<\/div>\n\t\t\t\t<\/div>\n\t\t<div class=\"elementor-element elementor-element-c0cfd63 e-flex e-con-boxed e-con e-child\" data-id=\"c0cfd63\" data-element_type=\"container\" data-e-type=\"container\" data-settings=\"{&quot;animation&quot;:&quot;none&quot;,&quot;_ha_eqh_enable&quot;:false}\">\n\t\t\t\t\t<div class=\"e-con-inner\">\n\t\t\t\t<div class=\"elementor-element elementor-element-2ac9382 elementor-widget elementor-widget-image\" data-id=\"2ac9382\" data-element_type=\"widget\" data-e-type=\"widget\" data-widget_type=\"image.default\">\n\t\t\t\t<div class=\"elementor-widget-container\">\n\t\t\t\t\t\t\t\t\t\t\t\t\t\t\t\t<a href=\"https:\/\/1to1nails.fr\/en\/pieds\/\">\n\t\t\t\t\t\t\t<img decoding=\"async\" width=\"800\" height=\"957\" src=\"https:\/\/1to1nails.fr\/wp-content\/uploads\/2023\/08\/bare-foot-s-scaled-e1691353552509-856x1024.jpg\" class=\"attachment-large size-large wp-image-764\" alt=\"\" srcset=\"https:\/\/1to1nails.fr\/wp-content\/uploads\/2023\/08\/bare-foot-s-scaled-e1691353552509-856x1024.jpg 856w, https:\/\/1to1nails.fr\/wp-content\/uploads\/2023\/08\/bare-foot-s-scaled-e1691353552509-251x300.jpg 251w, https:\/\/1to1nails.fr\/wp-content\/uploads\/2023\/08\/bare-foot-s-scaled-e1691353552509-768x919.jpg 768w, https:\/\/1to1nails.fr\/wp-content\/uploads\/2023\/08\/bare-foot-s-scaled-e1691353552509.jpg 903w\" sizes=\"(max-width: 800px) 100vw, 800px\" \/>\t\t\t\t\t\t\t\t<\/a>\n\t\t\t\t\t\t\t\t\t\t\t\t\t\t\t<\/div>\n\t\t\t\t<\/div>\n\t\t<div data-ha-element-link=\"{&quot;url&quot;:&quot;https:\\\/\\\/1to1nails.fr\\\/pieds\\\/&quot;,&quot;is_external&quot;:&quot;&quot;,&quot;nofollow&quot;:&quot;&quot;}\" style=\"cursor: pointer\" class=\"elementor-element elementor-element-8552e76 e-flex e-con-boxed e-con e-child\" data-id=\"8552e76\" data-element_type=\"container\" data-e-type=\"container\" data-settings=\"{&quot;background_background&quot;:&quot;classic&quot;,&quot;_ha_eqh_enable&quot;:false}\">\n\t\t\t\t\t<div class=\"e-con-inner\">\n\t\t\t\t<div class=\"elementor-element elementor-element-2ba6fab elementor-widget elementor-widget-heading\" data-id=\"2ba6fab\" data-element_type=\"widget\" data-e-type=\"widget\" data-widget_type=\"heading.default\">\n\t\t\t\t<div class=\"elementor-widget-container\">\n\t\t\t\t\t<h2 class=\"elementor-heading-title elementor-size-default\">Feet<\/h2>\t\t\t\t<\/div>\n\t\t\t\t<\/div>\n\t\t\t\t<div class=\"elementor-element elementor-element-6987464 elementor-widget elementor-widget-heading\" data-id=\"6987464\" data-element_type=\"widget\" data-e-type=\"widget\" data-widget_type=\"heading.default\">\n\t\t\t\t<div class=\"elementor-widget-container\">\n\t\t\t\t\t<h2 class=\"elementor-heading-title elementor-size-default\">Feet<\/h2>\t\t\t\t<\/div>\n\t\t\t\t<\/div>\n\t\t\t\t\t<\/div>\n\t\t\t\t<\/div>\n\t\t\t\t\t<\/div>\n\t\t\t\t<\/div>\n\t\t<div class=\"elementor-element elementor-element-e049688 e-flex e-con-boxed e-con e-child\" data-id=\"e049688\" data-element_type=\"container\" data-e-type=\"container\" data-settings=\"{&quot;animation&quot;:&quot;none&quot;,&quot;_ha_eqh_enable&quot;:false}\">\n\t\t\t\t\t<div class=\"e-con-inner\">\n\t\t\t\t<div class=\"elementor-element elementor-element-95ff745 elementor-widget elementor-widget-image\" data-id=\"95ff745\" data-element_type=\"widget\" data-e-type=\"widget\" data-widget_type=\"image.default\">\n\t\t\t\t<div class=\"elementor-widget-container\">\n\t\t\t\t\t\t\t\t\t\t\t\t\t\t\t\t<a href=\"https:\/\/1to1nails.fr\/en\/mains-et-pieds\/\">\n\t\t\t\t\t\t\t<img decoding=\"async\" width=\"683\" height=\"1024\" src=\"https:\/\/1to1nails.fr\/wp-content\/uploads\/2023\/08\/hand-foot-scaled-e1691353593307-683x1024.jpg\" class=\"attachment-large size-large wp-image-763\" alt=\"\" srcset=\"https:\/\/1to1nails.fr\/wp-content\/uploads\/2023\/08\/hand-foot-scaled-e1691353593307-683x1024.jpg 683w, https:\/\/1to1nails.fr\/wp-content\/uploads\/2023\/08\/hand-foot-scaled-e1691353593307-200x300.jpg 200w, https:\/\/1to1nails.fr\/wp-content\/uploads\/2023\/08\/hand-foot-scaled-e1691353593307.jpg 720w\" sizes=\"(max-width: 683px) 100vw, 683px\" \/>\t\t\t\t\t\t\t\t<\/a>\n\t\t\t\t\t\t\t\t\t\t\t\t\t\t\t<\/div>\n\t\t\t\t<\/div>\n\t\t<div data-ha-element-link=\"{&quot;url&quot;:&quot;https:\\\/\\\/1to1nails.fr\\\/mains-et-pieds\\\/&quot;,&quot;is_external&quot;:&quot;&quot;,&quot;nofollow&quot;:&quot;&quot;}\" style=\"cursor: pointer\" class=\"elementor-element elementor-element-4acc36b e-flex e-con-boxed e-con e-child\" data-id=\"4acc36b\" data-element_type=\"container\" data-e-type=\"container\" data-settings=\"{&quot;background_background&quot;:&quot;classic&quot;,&quot;_ha_eqh_enable&quot;:false}\">\n\t\t\t\t\t<div class=\"e-con-inner\">\n\t\t\t\t<div class=\"elementor-element elementor-element-0152b4e elementor-widget elementor-widget-heading\" data-id=\"0152b4e\" data-element_type=\"widget\" data-e-type=\"widget\" data-widget_type=\"heading.default\">\n\t\t\t\t<div class=\"elementor-widget-container\">\n\t\t\t\t\t<h2 class=\"elementor-heading-title elementor-size-default\">Mixte<\/h2>\t\t\t\t<\/div>\n\t\t\t\t<\/div>\n\t\t\t\t<div class=\"elementor-element elementor-element-5ed0c09 elementor-widget elementor-widget-heading\" data-id=\"5ed0c09\" data-element_type=\"widget\" data-e-type=\"widget\" data-widget_type=\"heading.default\">\n\t\t\t\t<div class=\"elementor-widget-container\">\n\t\t\t\t\t<h2 class=\"elementor-heading-title elementor-size-default\">Hands and Feet<\/h2>\t\t\t\t<\/div>\n\t\t\t\t<\/div>\n\t\t\t\t\t<\/div>\n\t\t\t\t<\/div>\n\t\t\t\t\t<\/div>\n\t\t\t\t<\/div>\n\t\t\t\t\t<\/div>\n\t\t\t\t<\/div>\n\t\t\t\t\t<\/div>\n\t\t\t\t<\/div>\n\t\t<div class=\"elementor-element elementor-element-7171dcf e-flex e-con-boxed e-con e-parent\" data-id=\"7171dcf\" data-element_type=\"container\" data-e-type=\"container\" data-settings=\"{&quot;_ha_eqh_enable&quot;:false}\">\n\t\t\t\t\t<div class=\"e-con-inner\">\n\t\t\t\t<div class=\"elementor-element elementor-element-d60a2c5 elementor-align-center elementor-mobile-align-center elementor-widget elementor-widget-button\" data-id=\"d60a2c5\" data-element_type=\"widget\" data-e-type=\"widget\" data-widget_type=\"button.default\">\n\t\t\t\t<div class=\"elementor-widget-container\">\n\t\t\t\t\t\t\t\t\t<div class=\"elementor-button-wrapper\">\n\t\t\t\t\t<a class=\"elementor-button elementor-button-link elementor-size-md\" href=\"https:\/\/1to1nails.fr\/en\/contact\/\">\n\t\t\t\t\t\t<span class=\"elementor-button-content-wrapper\">\n\t\t\t\t\t\t\t\t\t<span class=\"elementor-button-text\">Contact Me ! <\/span>\n\t\t\t\t\t<\/span>\n\t\t\t\t\t<\/a>\n\t\t\t\t<\/div>\n\t\t\t\t\t\t\t\t<\/div>\n\t\t\t\t<\/div>\n\t\t\t\t\t<\/div>\n\t\t\t\t<\/div>\n\t\t<div class=\"elementor-element elementor-element-a86ca9f e-flex e-con-boxed e-con e-parent\" data-id=\"a86ca9f\" data-element_type=\"container\" data-e-type=\"container\" data-settings=\"{&quot;_ha_eqh_enable&quot;:false}\">\n\t\t\t\t\t<div class=\"e-con-inner\">\n\t\t\t\t<div class=\"elementor-element elementor-element-a6d871b elementor-widget elementor-widget-spacer\" data-id=\"a6d871b\" data-element_type=\"widget\" data-e-type=\"widget\" data-widget_type=\"spacer.default\">\n\t\t\t\t<div class=\"elementor-widget-container\">\n\t\t\t\t\t\t\t<div class=\"elementor-spacer\">\n\t\t\t<div class=\"elementor-spacer-inner\"><\/div>\n\t\t<\/div>\n\t\t\t\t\t\t<\/div>\n\t\t\t\t<\/div>\n\t\t\t\t<div class=\"elementor-element elementor-element-ff20dfa elementor-widget elementor-widget-heading\" data-id=\"ff20dfa\" data-element_type=\"widget\" data-e-type=\"widget\" data-widget_type=\"heading.default\">\n\t\t\t\t<div class=\"elementor-widget-container\">\n\t\t\t\t\t<h2 class=\"elementor-heading-title elementor-size-default\">Thank you for their trust<\/h2>\t\t\t\t<\/div>\n\t\t\t\t<\/div>\n\t\t<div class=\"elementor-element elementor-element-7c3be7e e-flex e-con-boxed e-con e-child\" data-id=\"7c3be7e\" data-element_type=\"container\" data-e-type=\"container\" data-settings=\"{&quot;_ha_eqh_enable&quot;:false}\">\n\t\t\t\t\t<div class=\"e-con-inner\">\n\t\t\t\t<div class=\"elementor-element elementor-element-cc334fe elementor-view-default elementor-widget elementor-widget-icon\" data-id=\"cc334fe\" data-element_type=\"widget\" data-e-type=\"widget\" data-widget_type=\"icon.default\">\n\t\t\t\t<div class=\"elementor-widget-container\">\n\t\t\t\t\t\t\t<div class=\"elementor-icon-wrapper\">\n\t\t\t<div class=\"elementor-icon\">\n\t\t\t<svg aria-hidden=\"true\" class=\"e-font-icon-svg e-fas-quote-left\" viewbox=\"0 0 512 512\" xmlns=\"http:\/\/www.w3.org\/2000\/svg\"><path d=\"M464 256h-80v-64c0-35.3 28.7-64 64-64h8c13.3 0 24-10.7 24-24V56c0-13.3-10.7-24-24-24h-8c-88.4 0-160 71.6-160 160v240c0 26.5 21.5 48 48 48h128c26.5 0 48-21.5 48-48V304c0-26.5-21.5-48-48-48zm-288 0H96v-64c0-35.3 28.7-64 64-64h8c13.3 0 24-10.7 24-24V56c0-13.3-10.7-24-24-24h-8C71.6 32 0 103.6 0 192v240c0 26.5 21.5 48 48 48h128c26.5 0 48-21.5 48-48V304c0-26.5-21.5-48-48-48z\"><\/path><\/svg>\t\t\t<\/div>\n\t\t<\/div>\n\t\t\t\t\t\t<\/div>\n\t\t\t\t<\/div>\n\t\t\t\t<div class=\"elementor-element elementor-element-e2419b5 elementor-widget-mobile__width-initial elementor-widget elementor-widget-testimonial\" data-id=\"e2419b5\" data-element_type=\"widget\" data-e-type=\"widget\" data-widget_type=\"testimonial.default\">\n\t\t\t\t<div class=\"elementor-widget-container\">\n\t\t\t\t\t\t\t<div class=\"elementor-testimonial-wrapper\">\n\t\t\t\t\t\t\t<div class=\"elementor-testimonial-content\">J'ai r\u00e9cemment fait appel \u00e0 Susanna pour une manucure et pose de semi permanent \u00e0 domicile, et c'\u00e9tait tout simplement parfait ! Elle est professionnelle, le r\u00e9sultat \u00e9tait impeccable, et le c\u00f4t\u00e9 pratique de la prestation \u00e0 domicile est un \u00e9norme avantage. Je recommande vivement !<\/div>\n\t\t\t\n\t\t\t\t\t\t<div class=\"elementor-testimonial-meta\">\n\t\t\t\t<div class=\"elementor-testimonial-meta-inner\">\n\t\t\t\t\t\n\t\t\t\t\t\t\t\t\t\t<div class=\"elementor-testimonial-details\">\n\t\t\t\t\t\t\t\t\t\t\t\t\t\t<div class=\"elementor-testimonial-name\">Caroline C<\/div>\n\t\t\t\t\t\t\t\t\t\t\t\t\t\t\t\t\t\t\t<\/div>\n\t\t\t\t\t\t\t\t\t<\/div>\n\t\t\t<\/div>\n\t\t\t\t\t<\/div>\n\t\t\t\t\t\t<\/div>\n\t\t\t\t<\/div>\n\t\t\t\t<div class=\"elementor-element elementor-element-672fcb6 elementor-view-default elementor-widget elementor-widget-icon\" data-id=\"672fcb6\" data-element_type=\"widget\" data-e-type=\"widget\" data-widget_type=\"icon.default\">\n\t\t\t\t<div class=\"elementor-widget-container\">\n\t\t\t\t\t\t\t<div class=\"elementor-icon-wrapper\">\n\t\t\t<div class=\"elementor-icon\">\n\t\t\t<svg aria-hidden=\"true\" class=\"e-font-icon-svg e-fas-quote-right\" viewbox=\"0 0 512 512\" xmlns=\"http:\/\/www.w3.org\/2000\/svg\"><path d=\"M464 32H336c-26.5 0-48 21.5-48 48v128c0 26.5 21.5 48 48 48h80v64c0 35.3-28.7 64-64 64h-8c-13.3 0-24 10.7-24 24v48c0 13.3 10.7 24 24 24h8c88.4 0 160-71.6 160-160V80c0-26.5-21.5-48-48-48zm-288 0H48C21.5 32 0 53.5 0 80v128c0 26.5 21.5 48 48 48h80v64c0 35.3-28.7 64-64 64h-8c-13.3 0-24 10.7-24 24v48c0 13.3 10.7 24 24 24h8c88.4 0 160-71.6 160-160V80c0-26.5-21.5-48-48-48z\"><\/path><\/svg>\t\t\t<\/div>\n\t\t<\/div>\n\t\t\t\t\t\t<\/div>\n\t\t\t\t<\/div>\n\t\t\t\t\t<\/div>\n\t\t\t\t<\/div>\n\t\t\t\t\t<\/div>\n\t\t\t\t<\/div>\n\t\t\t\t<\/div>","protected":false},"excerpt":{"rendered":"<p>Faites vous plaisir,offrez-vous un moment de d\u00e9tente chez vous R\u00e9server Mains Hands Pieds Feet Mixte Hands and Feet Contactez-Moi ! Merci pour leur confiance J&rsquo;ai r\u00e9cemment fait appel \u00e0 Susanna pour une manucure et pose de semi permanent \u00e0 domicile, et c&rsquo;\u00e9tait tout simplement parfait ! Elle est professionnelle, le r\u00e9sultat \u00e9tait impeccable, et le [&hellip;]<\/p>","protected":false},"author":1,"featured_media":0,"parent":0,"menu_order":0,"comment_status":"closed","ping_status":"closed","template":"","meta":{"footnotes":""},"class_list":["post-420","page","type-page","status-publish","hentry"],"yoast_head":"<!-- This site is optimized with the Yoast SEO plugin v26.6 - https:\/\/yoast.com\/wordpress\/plugins\/seo\/ -->\n<title>Domicile - 1to1Nails<\/title>\n<meta name=\"description\" content=\"Service de manucure, p\u00e9dicure, pose de vernis classique et semi-permanent et soins, \u00e0 domicile, \u00e0 Paris, en Hauts de Seine, et leurs alentours, pour les particuliers, les entreprises.\" \/>\n<meta name=\"robots\" content=\"index, follow, max-snippet:-1, max-image-preview:large, max-video-preview:-1\" \/>\n<link rel=\"canonical\" href=\"https:\/\/1to1nails.fr\/en\/domicile\/\" \/>\n<meta property=\"og:locale\" content=\"en_GB\" \/>\n<meta property=\"og:type\" content=\"article\" \/>\n<meta property=\"og:title\" content=\"Domicile - 1to1Nails\" \/>\n<meta property=\"og:description\" content=\"Service de manucure, p\u00e9dicure, pose de vernis classique et semi-permanent et soins, \u00e0 domicile, \u00e0 Paris, en Hauts de Seine, et leurs alentours, pour les particuliers, les entreprises.\" \/>\n<meta property=\"og:url\" content=\"https:\/\/1to1nails.fr\/en\/domicile\/\" \/>\n<meta property=\"og:site_name\" content=\"1to1Nails\" \/>\n<meta property=\"article:modified_time\" content=\"2025-09-14T18:12:33+00:00\" \/>\n<meta property=\"og:image\" content=\"https:\/\/1to1nails.fr\/wp-content\/uploads\/2023\/08\/hand-white-scaled-e1691353579411-684x1024.jpg\" \/>\n<meta name=\"twitter:card\" content=\"summary_large_image\" \/>\n<meta name=\"twitter:label1\" content=\"Estimated reading time\" \/>\n\t<meta name=\"twitter:data1\" content=\"1 minute\" \/>\n<script type=\"application\/ld+json\" class=\"yoast-schema-graph\">{\"@context\":\"https:\/\/schema.org\",\"@graph\":[{\"@type\":\"WebPage\",\"@id\":\"https:\/\/1to1nails.fr\/domicile\/\",\"url\":\"https:\/\/1to1nails.fr\/domicile\/\",\"name\":\"Domicile - 1to1Nails\",\"isPartOf\":{\"@id\":\"https:\/\/1to1nails.fr\/#website\"},\"primaryImageOfPage\":{\"@id\":\"https:\/\/1to1nails.fr\/domicile\/#primaryimage\"},\"image\":{\"@id\":\"https:\/\/1to1nails.fr\/domicile\/#primaryimage\"},\"thumbnailUrl\":\"https:\/\/1to1nails.fr\/wp-content\/uploads\/2023\/08\/hand-white-scaled-e1691353579411-684x1024.jpg\",\"datePublished\":\"2023-08-06T13:12:03+00:00\",\"dateModified\":\"2025-09-14T18:12:33+00:00\",\"description\":\"Service de manucure, p\u00e9dicure, pose de vernis classique et semi-permanent et soins, \u00e0 domicile, \u00e0 Paris, en Hauts de Seine, et leurs alentours, pour les particuliers, les entreprises.\",\"breadcrumb\":{\"@id\":\"https:\/\/1to1nails.fr\/domicile\/#breadcrumb\"},\"inLanguage\":\"en-GB\",\"potentialAction\":[{\"@type\":\"ReadAction\",\"target\":[\"https:\/\/1to1nails.fr\/domicile\/\"]}]},{\"@type\":\"ImageObject\",\"inLanguage\":\"en-GB\",\"@id\":\"https:\/\/1to1nails.fr\/domicile\/#primaryimage\",\"url\":\"https:\/\/1to1nails.fr\/wp-content\/uploads\/2023\/08\/hand-white-scaled-e1691353579411-684x1024.jpg\",\"contentUrl\":\"https:\/\/1to1nails.fr\/wp-content\/uploads\/2023\/08\/hand-white-scaled-e1691353579411-684x1024.jpg\"},{\"@type\":\"BreadcrumbList\",\"@id\":\"https:\/\/1to1nails.fr\/domicile\/#breadcrumb\",\"itemListElement\":[{\"@type\":\"ListItem\",\"position\":1,\"name\":\"Accueil\",\"item\":\"https:\/\/1to1nails.fr\/\"},{\"@type\":\"ListItem\",\"position\":2,\"name\":\"Domicile\"}]},{\"@type\":\"WebSite\",\"@id\":\"https:\/\/1to1nails.fr\/#website\",\"url\":\"https:\/\/1to1nails.fr\/\",\"name\":\"1to1Nails\",\"description\":\"Vernis chez Vous\",\"publisher\":{\"@id\":\"https:\/\/1to1nails.fr\/#organization\"},\"potentialAction\":[{\"@type\":\"SearchAction\",\"target\":{\"@type\":\"EntryPoint\",\"urlTemplate\":\"https:\/\/1to1nails.fr\/?s={search_term_string}\"},\"query-input\":{\"@type\":\"PropertyValueSpecification\",\"valueRequired\":true,\"valueName\":\"search_term_string\"}}],\"inLanguage\":\"en-GB\"},{\"@type\":\"Organization\",\"@id\":\"https:\/\/1to1nails.fr\/#organization\",\"name\":\"1to1Nails\",\"url\":\"https:\/\/1to1nails.fr\/\",\"logo\":{\"@type\":\"ImageObject\",\"inLanguage\":\"en-GB\",\"@id\":\"https:\/\/1to1nails.fr\/#\/schema\/logo\/image\/\",\"url\":\"https:\/\/1to1nails.fr\/wp-content\/uploads\/2023\/08\/logo2.png\",\"contentUrl\":\"https:\/\/1to1nails.fr\/wp-content\/uploads\/2023\/08\/logo2.png\",\"width\":520,\"height\":112,\"caption\":\"1to1Nails\"},\"image\":{\"@id\":\"https:\/\/1to1nails.fr\/#\/schema\/logo\/image\/\"},\"sameAs\":[\"https:\/\/www.instagram.com\/1to1naildomicile\/\",\"https:\/\/www.instagram.com\/1to1nailprofessional\/\",\"https:\/\/www.instagram.com\/1to1nailkids\/\",\"https:\/\/www.instagram.com\/1to1nailcoach\/\"]}]}<\/script>\n<!-- \/ Yoast SEO plugin. -->","yoast_head_json":{"title":"Domicile - 1to1Nails","description":"Service de manucure, p\u00e9dicure, pose de vernis classique et semi-permanent et soins, \u00e0 domicile, \u00e0 Paris, en Hauts de Seine, et leurs alentours, pour les particuliers, les entreprises.","robots":{"index":"index","follow":"follow","max-snippet":"max-snippet:-1","max-image-preview":"max-image-preview:large","max-video-preview":"max-video-preview:-1"},"canonical":"https:\/\/1to1nails.fr\/en\/domicile\/","og_locale":"en_GB","og_type":"article","og_title":"Domicile - 1to1Nails","og_description":"Service de manucure, p\u00e9dicure, pose de vernis classique et semi-permanent et soins, \u00e0 domicile, \u00e0 Paris, en Hauts de Seine, et leurs alentours, pour les particuliers, les entreprises.","og_url":"https:\/\/1to1nails.fr\/en\/domicile\/","og_site_name":"1to1Nails","article_modified_time":"2025-09-14T18:12:33+00:00","og_image":[{"url":"https:\/\/1to1nails.fr\/wp-content\/uploads\/2023\/08\/hand-white-scaled-e1691353579411-684x1024.jpg","type":"","width":"","height":""}],"twitter_card":"summary_large_image","twitter_misc":{"Estimated reading time":"1 minute"},"schema":{"@context":"https:\/\/schema.org","@graph":[{"@type":"WebPage","@id":"https:\/\/1to1nails.fr\/domicile\/","url":"https:\/\/1to1nails.fr\/domicile\/","name":"Domicile - 1to1Nails","isPartOf":{"@id":"https:\/\/1to1nails.fr\/#website"},"primaryImageOfPage":{"@id":"https:\/\/1to1nails.fr\/domicile\/#primaryimage"},"image":{"@id":"https:\/\/1to1nails.fr\/domicile\/#primaryimage"},"thumbnailUrl":"https:\/\/1to1nails.fr\/wp-content\/uploads\/2023\/08\/hand-white-scaled-e1691353579411-684x1024.jpg","datePublished":"2023-08-06T13:12:03+00:00","dateModified":"2025-09-14T18:12:33+00:00","description":"Service de manucure, p\u00e9dicure, pose de vernis classique et semi-permanent et soins, \u00e0 domicile, \u00e0 Paris, en Hauts de Seine, et leurs alentours, pour les particuliers, les entreprises.","breadcrumb":{"@id":"https:\/\/1to1nails.fr\/domicile\/#breadcrumb"},"inLanguage":"en-GB","potentialAction":[{"@type":"ReadAction","target":["https:\/\/1to1nails.fr\/domicile\/"]}]},{"@type":"ImageObject","inLanguage":"en-GB","@id":"https:\/\/1to1nails.fr\/domicile\/#primaryimage","url":"https:\/\/1to1nails.fr\/wp-content\/uploads\/2023\/08\/hand-white-scaled-e1691353579411-684x1024.jpg","contentUrl":"https:\/\/1to1nails.fr\/wp-content\/uploads\/2023\/08\/hand-white-scaled-e1691353579411-684x1024.jpg"},{"@type":"BreadcrumbList","@id":"https:\/\/1to1nails.fr\/domicile\/#breadcrumb","itemListElement":[{"@type":"ListItem","position":1,"name":"Accueil","item":"https:\/\/1to1nails.fr\/"},{"@type":"ListItem","position":2,"name":"Domicile"}]},{"@type":"WebSite","@id":"https:\/\/1to1nails.fr\/#website","url":"https:\/\/1to1nails.fr\/","name":"1to1Nails","description":"Vernis chez Vous","publisher":{"@id":"https:\/\/1to1nails.fr\/#organization"},"potentialAction":[{"@type":"SearchAction","target":{"@type":"EntryPoint","urlTemplate":"https:\/\/1to1nails.fr\/?s={search_term_string}"},"query-input":{"@type":"PropertyValueSpecification","valueRequired":true,"valueName":"search_term_string"}}],"inLanguage":"en-GB"},{"@type":"Organization","@id":"https:\/\/1to1nails.fr\/#organization","name":"1to1Nails","url":"https:\/\/1to1nails.fr\/","logo":{"@type":"ImageObject","inLanguage":"en-GB","@id":"https:\/\/1to1nails.fr\/#\/schema\/logo\/image\/","url":"https:\/\/1to1nails.fr\/wp-content\/uploads\/2023\/08\/logo2.png","contentUrl":"https:\/\/1to1nails.fr\/wp-content\/uploads\/2023\/08\/logo2.png","width":520,"height":112,"caption":"1to1Nails"},"image":{"@id":"https:\/\/1to1nails.fr\/#\/schema\/logo\/image\/"},"sameAs":["https:\/\/www.instagram.com\/1to1naildomicile\/","https:\/\/www.instagram.com\/1to1nailprofessional\/","https:\/\/www.instagram.com\/1to1nailkids\/","https:\/\/www.instagram.com\/1to1nailcoach\/"]}]}},"_links":{"self":[{"href":"https:\/\/1to1nails.fr\/en\/wp-json\/wp\/v2\/pages\/420","targetHints":{"allow":["GET"]}}],"collection":[{"href":"https:\/\/1to1nails.fr\/en\/wp-json\/wp\/v2\/pages"}],"about":[{"href":"https:\/\/1to1nails.fr\/en\/wp-json\/wp\/v2\/types\/page"}],"author":[{"embeddable":true,"href":"https:\/\/1to1nails.fr\/en\/wp-json\/wp\/v2\/users\/1"}],"replies":[{"embeddable":true,"href":"https:\/\/1to1nails.fr\/en\/wp-json\/wp\/v2\/comments?post=420"}],"version-history":[{"count":278,"href":"https:\/\/1to1nails.fr\/en\/wp-json\/wp\/v2\/pages\/420\/revisions"}],"predecessor-version":[{"id":5956,"href":"https:\/\/1to1nails.fr\/en\/wp-json\/wp\/v2\/pages\/420\/revisions\/5956"}],"wp:attachment":[{"href":"https:\/\/1to1nails.fr\/en\/wp-json\/wp\/v2\/media?parent=420"}],"curies":[{"name":"wp","href":"https:\/\/api.w.org\/{rel}","templated":true}]}}